{"id":8931,"date":"2024-09-11T16:23:24","date_gmt":"2024-09-11T14:23:24","guid":{"rendered":"https:\/\/www.lemtec.it\/stozzatura\/"},"modified":"2024-09-19T15:21:49","modified_gmt":"2024-09-19T13:21:49","slug":"stozzatura","status":"publish","type":"page","link":"https:\/\/www.lemtec.it\/es\/stozzatura\/","title":{"rendered":"Stozzatura"},"content":{"rendered":"\t\t<div data-elementor-type=\"wp-page\" data-elementor-id=\"8931\" class=\"elementor elementor-8931 elementor-3580\">\n\t\t\t\t\t\t<div class=\"elementor-inner\">\n\t\t\t\t<div class=\"elementor-section-wrap\">\n\t\t\t\t\t\t\t\t\t<section class=\"elementor-section elementor-top-section elementor-element elementor-element-f9071b8 elementor-section-boxed elementor-section-height-default elementor-section-height-default\" data-id=\"f9071b8\" data-element_type=\"section\">\n\t\t\t\t\t\t<div class=\"elementor-container elementor-column-gap-default \">\n\t\t\t\t<div class=\"elementor-row\">\n\t\t\t\t<div class=\"elementor-column elementor-col-100 elementor-top-column elementor-element elementor-element-31f7cc6\" data-id=\"31f7cc6\" data-element_type=\"column\">\n\t\t\t<div class=\"elementor-column-wrap  elementor-element-populated\">\n\t\t\t\t\t<div class=\"elementor-widget-wrap\">\n\t\t\t\t<div class=\"elementor-element elementor-element-041e8f8 elementor-widget elementor-widget-heading\" data-id=\"041e8f8\" data-element_type=\"widget\" data-widget_type=\"heading.default\">\n\t\t\t\t<div class=\"elementor-widget-container\">\n\t\t\t<h1 class=\"elementor-heading-title elementor-size-default\">STOZZATURA<\/h1>\t\t<\/div>\n\t\t\t\t<\/div>\n\t\t\t\t\t\t<\/div>\n\t\t\t<\/div>\n\t\t<\/div>\n\t\t\t\t\t\t<\/div>\n\t\t\t<\/div>\n\t\t<\/section>\n\t\t\t\t<section class=\"elementor-section elementor-top-section elementor-element elementor-element-dc70b80 elementor-section-boxed elementor-section-height-default elementor-section-height-default\" data-id=\"dc70b80\" data-element_type=\"section\">\n\t\t\t\t\t\t<div class=\"elementor-container elementor-column-gap-default \">\n\t\t\t\t<div class=\"elementor-row\">\n\t\t\t\t<div class=\"elementor-column elementor-col-100 elementor-top-column elementor-element elementor-element-36cf1b9\" data-id=\"36cf1b9\" data-element_type=\"column\">\n\t\t\t<div class=\"elementor-column-wrap  elementor-element-populated\">\n\t\t\t\t\t<div class=\"elementor-widget-wrap\">\n\t\t\t\t<div class=\"elementor-element elementor-element-d3d3d27 elementor-widget elementor-widget-text-editor\" data-id=\"d3d3d27\" data-element_type=\"widget\" data-widget_type=\"text-editor.default\">\n\t\t\t\t<div class=\"elementor-widget-container\">\n\t\t\t\t\t\t\t\t<div class=\"elementor-text-editor elementor-clearfix\">\n\t\t\t\t<h3 style=\"text-align: center;\">M\u00e1quinas especiales<\/h3>\n\t\t\t\t\t<\/div>\n\t\t\t\t\t\t<\/div>\n\t\t\t\t<\/div>\n\t\t\t\t<div class=\"elementor-element elementor-element-df8ca47 elementor-widget-divider--view-line elementor-widget elementor-widget-divider\" data-id=\"df8ca47\" data-element_type=\"widget\" data-widget_type=\"divider.default\">\n\t\t\t\t<div class=\"elementor-widget-container\">\n\t\t\t\t\t<div class=\"elementor-divider\">\n\t\t\t<span class=\"elementor-divider-separator\">\n\t\t\t\t\t\t<\/span>\n\t\t<\/div>\n\t\t\t\t<\/div>\n\t\t\t\t<\/div>\n\t\t\t\t\t\t<\/div>\n\t\t\t<\/div>\n\t\t<\/div>\n\t\t\t\t\t\t<\/div>\n\t\t\t<\/div>\n\t\t<\/section>\n\t\t\t\t<section class=\"elementor-section elementor-top-section elementor-element elementor-element-aedeb0a elementor-section-boxed elementor-section-height-default elementor-section-height-default\" data-id=\"aedeb0a\" data-element_type=\"section\">\n\t\t\t\t\t\t<div class=\"elementor-container elementor-column-gap-default \">\n\t\t\t\t<div class=\"elementor-row\">\n\t\t\t\t<div class=\"elementor-column elementor-col-100 elementor-top-column elementor-element elementor-element-8523167\" data-id=\"8523167\" data-element_type=\"column\">\n\t\t\t<div class=\"elementor-column-wrap  elementor-element-populated\">\n\t\t\t\t\t<div class=\"elementor-widget-wrap\">\n\t\t\t\t<div class=\"elementor-element elementor-element-bdfeb5f elementor-widget elementor-widget-text-editor\" data-id=\"bdfeb5f\" data-element_type=\"widget\" data-widget_type=\"text-editor.default\">\n\t\t\t\t<div class=\"elementor-widget-container\">\n\t\t\t\t\t\t\t\t<div class=\"elementor-text-editor elementor-clearfix\">\n\t\t\t\t<p><strong>TRATAMIENTO. <\/strong>Conformaci\u00f3n de ejes voluminosos de acero inoxidable.<\/p>\n<p><strong>EVALUACI\u00d3N DEL ALMACENAMIENTO EN USO<\/strong>. A partir de un an\u00e1lisis preciso tanto de las piezas a almacenar como del modo de funcionamiento de<em>l <\/em>operario, llegamos a la conclusi\u00f3n de que el peso y el tama\u00f1o excesivos de las piezas no permit\u00edan el uso de una m\u00e1quina (est\u00e1ndar) que trabajara en vertical para esta operaci\u00f3n.<\/p>\n<p><strong>INGENIER\u00cdA<\/strong>. Por ello, nuestro Departamento de Ingenier\u00eda desarroll\u00f3 una m\u00e1quina capaz de conformar <strong>piezas en posici\u00f3n horizontal media<\/strong><strong>nte<\/strong> un <strong>cabezal de escotadura<\/strong> sobre un carro con avance del eje por medio de un husillo recirculante.<\/p>\n<p><strong>T\u00c9CNICAS.<\/strong> La mayor dificultad que encontramos al dise\u00f1ar esta mortajadora fue dise\u00f1ar un transportador de virutas que evitara la rotura de la herramienta. Resolvimos este problema de forma brillante. De hecho, utilizamos un <strong>minisistema CN<\/strong> capaz de interpolar los ejes y crear un chafl\u00e1n inclinado en el extremo de la ranura.  <\/p>\n\t\t\t\t\t<\/div>\n\t\t\t\t\t\t<\/div>\n\t\t\t\t<\/div>\n\t\t\t\t\t\t<\/div>\n\t\t\t<\/div>\n\t\t<\/div>\n\t\t\t\t\t\t<\/div>\n\t\t\t<\/div>\n\t\t<\/section>\n\t\t\t\t\t\t\t\t\t<\/div>\n\t\t\t<\/div>\n\t\t\t\t\t<\/div>\n\t\t","protected":false},"excerpt":{"rendered":"<p>STOZZATURA M\u00e1quinas especiales TRATAMIENTO. Conformaci\u00f3n de ejes voluminosos de acero inoxidable. EVALUACI\u00d3N DEL ALMACENAMIENTO EN USO. A partir de un an\u00e1lisis preciso tanto de las piezas a almacenar como del modo de funcionamiento del operario, llegamos a la conclusi\u00f3n de que el peso y el tama\u00f1o excesivos de las piezas no permit\u00edan el uso de [&hellip;]<\/p>\n","protected":false},"author":1,"featured_media":0,"parent":0,"menu_order":0,"comment_status":"closed","ping_status":"closed","template":"elementor_header_footer","meta":{"footnotes":""},"class_list":["post-8931","page","type-page","status-publish","hentry"],"yoast_head":"<!-- This site is optimized with the Yoast SEO plugin v27.4 - https:\/\/yoast.com\/product\/yoast-seo-wordpress\/ -->\n<title>Stozzatura &lt; LEM TEC<\/title>\n<meta name=\"description\" content=\"Hemos desarrollado una m\u00e1quina capaz de realizar el escariado en posici\u00f3n horizontal y de manejar hasta 20 piezas de diferentes tama\u00f1os en la misma m\u00e1quina.\" \/>\n<meta name=\"robots\" content=\"index, follow, max-snippet:-1, max-image-preview:large, max-video-preview:-1\" \/>\n<link rel=\"canonical\" href=\"https:\/\/www.lemtec.it\/es\/stozzatura\/\" \/>\n<meta property=\"og:locale\" content=\"es_ES\" \/>\n<meta property=\"og:type\" content=\"article\" \/>\n<meta property=\"og:title\" content=\"Stozzatura &lt; LEM TEC\" \/>\n<meta property=\"og:description\" content=\"Hemos desarrollado una m\u00e1quina capaz de realizar el escariado en posici\u00f3n horizontal y de manejar hasta 20 piezas de diferentes tama\u00f1os en la misma m\u00e1quina.\" \/>\n<meta property=\"og:url\" content=\"https:\/\/www.lemtec.it\/es\/stozzatura\/\" \/>\n<meta property=\"og:site_name\" content=\"LEM TEC\" \/>\n<meta property=\"article:modified_time\" content=\"2024-09-19T13:21:49+00:00\" \/>\n<meta name=\"twitter:card\" content=\"summary_large_image\" \/>\n<meta name=\"twitter:label1\" content=\"Tiempo de lectura\" \/>\n\t<meta name=\"twitter:data1\" content=\"1 minuto\" \/>\n<script type=\"application\/ld+json\" class=\"yoast-schema-graph\">{\"@context\":\"https:\\\/\\\/schema.org\",\"@graph\":[{\"@type\":\"WebPage\",\"@id\":\"https:\\\/\\\/www.lemtec.it\\\/es\\\/stozzatura\\\/\",\"url\":\"https:\\\/\\\/www.lemtec.it\\\/es\\\/stozzatura\\\/\",\"name\":\"Stozzatura &lt; LEM TEC\",\"isPartOf\":{\"@id\":\"https:\\\/\\\/www.lemtec.it\\\/es\\\/#website\"},\"datePublished\":\"2024-09-11T14:23:24+00:00\",\"dateModified\":\"2024-09-19T13:21:49+00:00\",\"description\":\"Hemos desarrollado una m\u00e1quina capaz de realizar el escariado en posici\u00f3n horizontal y de manejar hasta 20 piezas de diferentes tama\u00f1os en la misma m\u00e1quina.\",\"breadcrumb\":{\"@id\":\"https:\\\/\\\/www.lemtec.it\\\/es\\\/stozzatura\\\/#breadcrumb\"},\"inLanguage\":\"es\",\"potentialAction\":[{\"@type\":\"ReadAction\",\"target\":[\"https:\\\/\\\/www.lemtec.it\\\/es\\\/stozzatura\\\/\"]}]},{\"@type\":\"BreadcrumbList\",\"@id\":\"https:\\\/\\\/www.lemtec.it\\\/es\\\/stozzatura\\\/#breadcrumb\",\"itemListElement\":[{\"@type\":\"ListItem\",\"position\":1,\"name\":\"Home\",\"item\":\"https:\\\/\\\/www.lemtec.it\\\/es\\\/\"},{\"@type\":\"ListItem\",\"position\":2,\"name\":\"Stozzatura\"}]},{\"@type\":\"WebSite\",\"@id\":\"https:\\\/\\\/www.lemtec.it\\\/es\\\/#website\",\"url\":\"https:\\\/\\\/www.lemtec.it\\\/es\\\/\",\"name\":\"LEM TEC\",\"description\":\"Costruttore di macchine utensili 4.0 e CNC\",\"publisher\":{\"@id\":\"https:\\\/\\\/www.lemtec.it\\\/es\\\/#organization\"},\"potentialAction\":[{\"@type\":\"SearchAction\",\"target\":{\"@type\":\"EntryPoint\",\"urlTemplate\":\"https:\\\/\\\/www.lemtec.it\\\/es\\\/?s={search_term_string}\"},\"query-input\":{\"@type\":\"PropertyValueSpecification\",\"valueRequired\":true,\"valueName\":\"search_term_string\"}}],\"inLanguage\":\"es\"},{\"@type\":\"Organization\",\"@id\":\"https:\\\/\\\/www.lemtec.it\\\/es\\\/#organization\",\"name\":\"LEM TEC SRL\",\"url\":\"https:\\\/\\\/www.lemtec.it\\\/es\\\/\",\"logo\":{\"@type\":\"ImageObject\",\"inLanguage\":\"es\",\"@id\":\"https:\\\/\\\/www.lemtec.it\\\/es\\\/#\\\/schema\\\/logo\\\/image\\\/\",\"url\":\"https:\\\/\\\/www.lemtec.it\\\/wp-content\\\/uploads\\\/2020\\\/07\\\/logo.png\",\"contentUrl\":\"https:\\\/\\\/www.lemtec.it\\\/wp-content\\\/uploads\\\/2020\\\/07\\\/logo.png\",\"width\":170,\"height\":64,\"caption\":\"LEM TEC SRL\"},\"image\":{\"@id\":\"https:\\\/\\\/www.lemtec.it\\\/es\\\/#\\\/schema\\\/logo\\\/image\\\/\"}}]}<\/script>\n<!-- \/ Yoast SEO plugin. -->","yoast_head_json":{"title":"Stozzatura &lt; LEM TEC","description":"Hemos desarrollado una m\u00e1quina capaz de realizar el escariado en posici\u00f3n horizontal y de manejar hasta 20 piezas de diferentes tama\u00f1os en la misma m\u00e1quina.","robots":{"index":"index","follow":"follow","max-snippet":"max-snippet:-1","max-image-preview":"max-image-preview:large","max-video-preview":"max-video-preview:-1"},"canonical":"https:\/\/www.lemtec.it\/es\/stozzatura\/","og_locale":"es_ES","og_type":"article","og_title":"Stozzatura &lt; LEM TEC","og_description":"Hemos desarrollado una m\u00e1quina capaz de realizar el escariado en posici\u00f3n horizontal y de manejar hasta 20 piezas de diferentes tama\u00f1os en la misma m\u00e1quina.","og_url":"https:\/\/www.lemtec.it\/es\/stozzatura\/","og_site_name":"LEM TEC","article_modified_time":"2024-09-19T13:21:49+00:00","twitter_card":"summary_large_image","twitter_misc":{"Tiempo de lectura":"1 minuto"},"schema":{"@context":"https:\/\/schema.org","@graph":[{"@type":"WebPage","@id":"https:\/\/www.lemtec.it\/es\/stozzatura\/","url":"https:\/\/www.lemtec.it\/es\/stozzatura\/","name":"Stozzatura &lt; LEM TEC","isPartOf":{"@id":"https:\/\/www.lemtec.it\/es\/#website"},"datePublished":"2024-09-11T14:23:24+00:00","dateModified":"2024-09-19T13:21:49+00:00","description":"Hemos desarrollado una m\u00e1quina capaz de realizar el escariado en posici\u00f3n horizontal y de manejar hasta 20 piezas de diferentes tama\u00f1os en la misma m\u00e1quina.","breadcrumb":{"@id":"https:\/\/www.lemtec.it\/es\/stozzatura\/#breadcrumb"},"inLanguage":"es","potentialAction":[{"@type":"ReadAction","target":["https:\/\/www.lemtec.it\/es\/stozzatura\/"]}]},{"@type":"BreadcrumbList","@id":"https:\/\/www.lemtec.it\/es\/stozzatura\/#breadcrumb","itemListElement":[{"@type":"ListItem","position":1,"name":"Home","item":"https:\/\/www.lemtec.it\/es\/"},{"@type":"ListItem","position":2,"name":"Stozzatura"}]},{"@type":"WebSite","@id":"https:\/\/www.lemtec.it\/es\/#website","url":"https:\/\/www.lemtec.it\/es\/","name":"LEM TEC","description":"Costruttore di macchine utensili 4.0 e CNC","publisher":{"@id":"https:\/\/www.lemtec.it\/es\/#organization"},"potentialAction":[{"@type":"SearchAction","target":{"@type":"EntryPoint","urlTemplate":"https:\/\/www.lemtec.it\/es\/?s={search_term_string}"},"query-input":{"@type":"PropertyValueSpecification","valueRequired":true,"valueName":"search_term_string"}}],"inLanguage":"es"},{"@type":"Organization","@id":"https:\/\/www.lemtec.it\/es\/#organization","name":"LEM TEC SRL","url":"https:\/\/www.lemtec.it\/es\/","logo":{"@type":"ImageObject","inLanguage":"es","@id":"https:\/\/www.lemtec.it\/es\/#\/schema\/logo\/image\/","url":"https:\/\/www.lemtec.it\/wp-content\/uploads\/2020\/07\/logo.png","contentUrl":"https:\/\/www.lemtec.it\/wp-content\/uploads\/2020\/07\/logo.png","width":170,"height":64,"caption":"LEM TEC SRL"},"image":{"@id":"https:\/\/www.lemtec.it\/es\/#\/schema\/logo\/image\/"}}]}},"_links":{"self":[{"href":"https:\/\/www.lemtec.it\/es\/wp-json\/wp\/v2\/pages\/8931","targetHints":{"allow":["GET"]}}],"collection":[{"href":"https:\/\/www.lemtec.it\/es\/wp-json\/wp\/v2\/pages"}],"about":[{"href":"https:\/\/www.lemtec.it\/es\/wp-json\/wp\/v2\/types\/page"}],"author":[{"embeddable":true,"href":"https:\/\/www.lemtec.it\/es\/wp-json\/wp\/v2\/users\/1"}],"replies":[{"embeddable":true,"href":"https:\/\/www.lemtec.it\/es\/wp-json\/wp\/v2\/comments?post=8931"}],"version-history":[{"count":1,"href":"https:\/\/www.lemtec.it\/es\/wp-json\/wp\/v2\/pages\/8931\/revisions"}],"predecessor-version":[{"id":8932,"href":"https:\/\/www.lemtec.it\/es\/wp-json\/wp\/v2\/pages\/8931\/revisions\/8932"}],"wp:attachment":[{"href":"https:\/\/www.lemtec.it\/es\/wp-json\/wp\/v2\/media?parent=8931"}],"curies":[{"name":"wp","href":"https:\/\/api.w.org\/{rel}","templated":true}]}}