{"id":8927,"date":"2024-09-11T15:38:55","date_gmt":"2024-09-11T13:38:55","guid":{"rendered":"https:\/\/www.lemtec.it\/cabeceado\/"},"modified":"2024-09-19T15:26:27","modified_gmt":"2024-09-19T13:26:27","slug":"cabeceado","status":"publish","type":"page","link":"https:\/\/www.lemtec.it\/es\/cabeceado\/","title":{"rendered":"Cabeceado"},"content":{"rendered":"\t\t<div data-elementor-type=\"wp-page\" data-elementor-id=\"8927\" class=\"elementor elementor-8927 elementor-3769\">\n\t\t\t\t\t\t<div class=\"elementor-inner\">\n\t\t\t\t<div class=\"elementor-section-wrap\">\n\t\t\t\t\t\t\t\t\t<section class=\"elementor-section elementor-top-section elementor-element elementor-element-f9071b8 elementor-section-boxed elementor-section-height-default elementor-section-height-default\" data-id=\"f9071b8\" data-element_type=\"section\">\n\t\t\t\t\t\t<div class=\"elementor-container elementor-column-gap-default \">\n\t\t\t\t<div class=\"elementor-row\">\n\t\t\t\t<div class=\"elementor-column elementor-col-100 elementor-top-column elementor-element elementor-element-31f7cc6\" data-id=\"31f7cc6\" data-element_type=\"column\">\n\t\t\t<div class=\"elementor-column-wrap  elementor-element-populated\">\n\t\t\t\t\t<div class=\"elementor-widget-wrap\">\n\t\t\t\t<div class=\"elementor-element elementor-element-041e8f8 elementor-widget elementor-widget-heading\" data-id=\"041e8f8\" data-element_type=\"widget\" data-widget_type=\"heading.default\">\n\t\t\t\t<div class=\"elementor-widget-container\">\n\t\t\t<h1 class=\"elementor-heading-title elementor-size-default\">CABECEADO<\/h1>\t\t<\/div>\n\t\t\t\t<\/div>\n\t\t\t\t\t\t<\/div>\n\t\t\t<\/div>\n\t\t<\/div>\n\t\t\t\t\t\t<\/div>\n\t\t\t<\/div>\n\t\t<\/section>\n\t\t\t\t<section class=\"elementor-section elementor-top-section elementor-element elementor-element-3c80fe3 elementor-section-boxed elementor-section-height-default elementor-section-height-default\" data-id=\"3c80fe3\" data-element_type=\"section\">\n\t\t\t\t\t\t<div class=\"elementor-container elementor-column-gap-default \">\n\t\t\t\t<div class=\"elementor-row\">\n\t\t\t\t<div class=\"elementor-column elementor-col-100 elementor-top-column elementor-element elementor-element-e854aab\" data-id=\"e854aab\" data-element_type=\"column\">\n\t\t\t<div class=\"elementor-column-wrap  elementor-element-populated\">\n\t\t\t\t\t<div class=\"elementor-widget-wrap\">\n\t\t\t\t<div class=\"elementor-element elementor-element-c0c1922 elementor-widget elementor-widget-text-editor\" data-id=\"c0c1922\" data-element_type=\"widget\" data-widget_type=\"text-editor.default\">\n\t\t\t\t<div class=\"elementor-widget-container\">\n\t\t\t\t\t\t\t\t<div class=\"elementor-text-editor elementor-clearfix\">\n\t\t\t\t<h3 style=\"text-align: center;\">M\u00e1quinas especiales<\/h3>\n\t\t\t\t\t<\/div>\n\t\t\t\t\t\t<\/div>\n\t\t\t\t<\/div>\n\t\t\t\t<div class=\"elementor-element elementor-element-df83b31 elementor-widget-divider--view-line elementor-widget elementor-widget-divider\" data-id=\"df83b31\" data-element_type=\"widget\" data-widget_type=\"divider.default\">\n\t\t\t\t<div class=\"elementor-widget-container\">\n\t\t\t\t\t<div class=\"elementor-divider\">\n\t\t\t<span class=\"elementor-divider-separator\">\n\t\t\t\t\t\t<\/span>\n\t\t<\/div>\n\t\t\t\t<\/div>\n\t\t\t\t<\/div>\n\t\t\t\t\t\t<\/div>\n\t\t\t<\/div>\n\t\t<\/div>\n\t\t\t\t\t\t<\/div>\n\t\t\t<\/div>\n\t\t<\/section>\n\t\t\t\t<section class=\"elementor-section elementor-top-section elementor-element elementor-element-aedeb0a elementor-section-boxed elementor-section-height-default elementor-section-height-default\" data-id=\"aedeb0a\" data-element_type=\"section\">\n\t\t\t\t\t\t<div class=\"elementor-container elementor-column-gap-default \">\n\t\t\t\t<div class=\"elementor-row\">\n\t\t\t\t<div class=\"elementor-column elementor-col-100 elementor-top-column elementor-element elementor-element-8523167\" data-id=\"8523167\" data-element_type=\"column\">\n\t\t\t<div class=\"elementor-column-wrap  elementor-element-populated\">\n\t\t\t\t\t<div class=\"elementor-widget-wrap\">\n\t\t\t\t<div class=\"elementor-element elementor-element-bdfeb5f elementor-widget elementor-widget-text-editor\" data-id=\"bdfeb5f\" data-element_type=\"widget\" data-widget_type=\"text-editor.default\">\n\t\t\t\t<div class=\"elementor-widget-container\">\n\t\t\t\t\t\t\t\t<div class=\"elementor-text-editor elementor-clearfix\">\n\t\t\t\t<p><strong>REVISI\u00d3N.<\/strong> Solicitud de revisi\u00f3n de una m\u00e1quina que mecanizaba cuerpos de motor completos con estator. La m\u00e1quina hac\u00eda que las caras de la cabeza fueran conc\u00e9ntricas respecto al di\u00e1metro interno del estator. Tambi\u00e9n se deb\u00eda realizar una calibraci\u00f3n importante en la zona de trabajo.  <\/p>\n<p><span style=\"color: inherit; font-family: inherit; letter-spacing: 0px;\"><b>SOLICITUD ESPEC\u00cdFICA.<\/b><\/span><span style=\"color: inherit; font-family: inherit; font-weight: inherit; letter-spacing: 0px;\"> El cliente solicitaba crear en los extremos de cilindros de fibra de carbono de un di\u00e1metro de 5 a un di\u00e1metro de 20 mm un perfil muy preciso.<\/span><\/p>\n<p><strong>SOLUCI\u00d3N.<\/strong> La idea inicial era optar por una herramienta conformada, pero despu\u00e9s de analizar el sistema en uso, decidimos utilizar un disco diamantado conformado.<\/p>\n<p><strong>PECULIARIDADES EN LA CARGA DE PIEZAS<\/strong>: Un selector toma una sola pieza de una tolva en la que se han depositado 400 piezas.<\/p>\n\t\t\t\t\t<\/div>\n\t\t\t\t\t\t<\/div>\n\t\t\t\t<\/div>\n\t\t\t\t\t\t<\/div>\n\t\t\t<\/div>\n\t\t<\/div>\n\t\t\t\t\t\t<\/div>\n\t\t\t<\/div>\n\t\t<\/section>\n\t\t\t\t\t\t\t\t\t<\/div>\n\t\t\t<\/div>\n\t\t\t\t\t<\/div>\n\t\t","protected":false},"excerpt":{"rendered":"<p>CABECEADO M\u00e1quinas especiales REVISI\u00d3N. Solicitud de revisi\u00f3n de una m\u00e1quina que mecanizaba cuerpos de motor completos con estator. La m\u00e1quina hac\u00eda que las caras de la cabeza fueran conc\u00e9ntricas respecto al di\u00e1metro interno del estator. Tambi\u00e9n se deb\u00eda realizar una calibraci\u00f3n importante en la zona de trabajo. SOLICITUD ESPEC\u00cdFICA. El cliente solicitaba crear en los [&hellip;]<\/p>\n","protected":false},"author":1,"featured_media":8906,"parent":0,"menu_order":0,"comment_status":"closed","ping_status":"closed","template":"elementor_header_footer","meta":{"footnotes":""},"class_list":["post-8927","page","type-page","status-publish","has-post-thumbnail","hentry"],"yoast_head":"<!-- This site is optimized with the Yoast SEO plugin v27.4 - https:\/\/yoast.com\/product\/yoast-seo-wordpress\/ -->\n<title>Encabezado &lt; LEM TEC<\/title>\n<meta name=\"description\" content=\"Revisi\u00f3n de m\u00e1quina que encabezaba carrocer\u00edas de motor. Mejora implementada. Disco diamantado utilizado. Carga peculiar de la pieza.\" \/>\n<meta name=\"robots\" content=\"index, follow, max-snippet:-1, max-image-preview:large, max-video-preview:-1\" \/>\n<link rel=\"canonical\" href=\"https:\/\/www.lemtec.it\/es\/cabeceado\/\" \/>\n<meta property=\"og:locale\" content=\"es_ES\" \/>\n<meta property=\"og:type\" content=\"article\" \/>\n<meta property=\"og:title\" content=\"Encabezado &lt; LEM TEC\" \/>\n<meta property=\"og:description\" content=\"Revisi\u00f3n de m\u00e1quina que encabezaba carrocer\u00edas de motor. Mejora implementada. Disco diamantado utilizado. Carga peculiar de la pieza.\" \/>\n<meta property=\"og:url\" content=\"https:\/\/www.lemtec.it\/es\/cabeceado\/\" \/>\n<meta property=\"og:site_name\" content=\"LEM TEC\" \/>\n<meta property=\"article:modified_time\" content=\"2024-09-19T13:26:27+00:00\" \/>\n<meta property=\"og:image\" content=\"https:\/\/www.lemtec.it\/wp-content\/uploads\/2021\/02\/Chiaro_Azienda-1024x618.png\" \/>\n\t<meta property=\"og:image:width\" content=\"1024\" \/>\n\t<meta property=\"og:image:height\" content=\"618\" \/>\n\t<meta property=\"og:image:type\" content=\"image\/png\" \/>\n<meta name=\"twitter:card\" content=\"summary_large_image\" \/>\n<meta name=\"twitter:label1\" content=\"Tiempo de lectura\" \/>\n\t<meta name=\"twitter:data1\" content=\"1 minuto\" \/>\n<script type=\"application\/ld+json\" class=\"yoast-schema-graph\">{\"@context\":\"https:\\\/\\\/schema.org\",\"@graph\":[{\"@type\":\"WebPage\",\"@id\":\"https:\\\/\\\/www.lemtec.it\\\/es\\\/cabeceado\\\/\",\"url\":\"https:\\\/\\\/www.lemtec.it\\\/es\\\/cabeceado\\\/\",\"name\":\"Encabezado &lt; LEM TEC\",\"isPartOf\":{\"@id\":\"https:\\\/\\\/www.lemtec.it\\\/es\\\/#website\"},\"primaryImageOfPage\":{\"@id\":\"https:\\\/\\\/www.lemtec.it\\\/es\\\/cabeceado\\\/#primaryimage\"},\"image\":{\"@id\":\"https:\\\/\\\/www.lemtec.it\\\/es\\\/cabeceado\\\/#primaryimage\"},\"thumbnailUrl\":\"https:\\\/\\\/www.lemtec.it\\\/wp-content\\\/uploads\\\/2021\\\/02\\\/Chiaro_Azienda.png\",\"datePublished\":\"2024-09-11T13:38:55+00:00\",\"dateModified\":\"2024-09-19T13:26:27+00:00\",\"description\":\"Revisi\u00f3n de m\u00e1quina que encabezaba carrocer\u00edas de motor. Mejora implementada. Disco diamantado utilizado. Carga peculiar de la pieza.\",\"breadcrumb\":{\"@id\":\"https:\\\/\\\/www.lemtec.it\\\/es\\\/cabeceado\\\/#breadcrumb\"},\"inLanguage\":\"es\",\"potentialAction\":[{\"@type\":\"ReadAction\",\"target\":[\"https:\\\/\\\/www.lemtec.it\\\/es\\\/cabeceado\\\/\"]}]},{\"@type\":\"ImageObject\",\"inLanguage\":\"es\",\"@id\":\"https:\\\/\\\/www.lemtec.it\\\/es\\\/cabeceado\\\/#primaryimage\",\"url\":\"https:\\\/\\\/www.lemtec.it\\\/wp-content\\\/uploads\\\/2021\\\/02\\\/Chiaro_Azienda.png\",\"contentUrl\":\"https:\\\/\\\/www.lemtec.it\\\/wp-content\\\/uploads\\\/2021\\\/02\\\/Chiaro_Azienda.png\",\"width\":3393,\"height\":2049},{\"@type\":\"BreadcrumbList\",\"@id\":\"https:\\\/\\\/www.lemtec.it\\\/es\\\/cabeceado\\\/#breadcrumb\",\"itemListElement\":[{\"@type\":\"ListItem\",\"position\":1,\"name\":\"Home\",\"item\":\"https:\\\/\\\/www.lemtec.it\\\/es\\\/\"},{\"@type\":\"ListItem\",\"position\":2,\"name\":\"Cabeceado\"}]},{\"@type\":\"WebSite\",\"@id\":\"https:\\\/\\\/www.lemtec.it\\\/es\\\/#website\",\"url\":\"https:\\\/\\\/www.lemtec.it\\\/es\\\/\",\"name\":\"LEM TEC\",\"description\":\"Costruttore di macchine utensili 4.0 e CNC\",\"publisher\":{\"@id\":\"https:\\\/\\\/www.lemtec.it\\\/es\\\/#organization\"},\"potentialAction\":[{\"@type\":\"SearchAction\",\"target\":{\"@type\":\"EntryPoint\",\"urlTemplate\":\"https:\\\/\\\/www.lemtec.it\\\/es\\\/?s={search_term_string}\"},\"query-input\":{\"@type\":\"PropertyValueSpecification\",\"valueRequired\":true,\"valueName\":\"search_term_string\"}}],\"inLanguage\":\"es\"},{\"@type\":\"Organization\",\"@id\":\"https:\\\/\\\/www.lemtec.it\\\/es\\\/#organization\",\"name\":\"LEM TEC SRL\",\"url\":\"https:\\\/\\\/www.lemtec.it\\\/es\\\/\",\"logo\":{\"@type\":\"ImageObject\",\"inLanguage\":\"es\",\"@id\":\"https:\\\/\\\/www.lemtec.it\\\/es\\\/#\\\/schema\\\/logo\\\/image\\\/\",\"url\":\"https:\\\/\\\/www.lemtec.it\\\/wp-content\\\/uploads\\\/2020\\\/07\\\/logo.png\",\"contentUrl\":\"https:\\\/\\\/www.lemtec.it\\\/wp-content\\\/uploads\\\/2020\\\/07\\\/logo.png\",\"width\":170,\"height\":64,\"caption\":\"LEM TEC SRL\"},\"image\":{\"@id\":\"https:\\\/\\\/www.lemtec.it\\\/es\\\/#\\\/schema\\\/logo\\\/image\\\/\"}}]}<\/script>\n<!-- \/ Yoast SEO plugin. -->","yoast_head_json":{"title":"Encabezado &lt; LEM TEC","description":"Revisi\u00f3n de m\u00e1quina que encabezaba carrocer\u00edas de motor. Mejora implementada. Disco diamantado utilizado. Carga peculiar de la pieza.","robots":{"index":"index","follow":"follow","max-snippet":"max-snippet:-1","max-image-preview":"max-image-preview:large","max-video-preview":"max-video-preview:-1"},"canonical":"https:\/\/www.lemtec.it\/es\/cabeceado\/","og_locale":"es_ES","og_type":"article","og_title":"Encabezado &lt; LEM TEC","og_description":"Revisi\u00f3n de m\u00e1quina que encabezaba carrocer\u00edas de motor. Mejora implementada. Disco diamantado utilizado. Carga peculiar de la pieza.","og_url":"https:\/\/www.lemtec.it\/es\/cabeceado\/","og_site_name":"LEM TEC","article_modified_time":"2024-09-19T13:26:27+00:00","og_image":[{"width":1024,"height":618,"url":"https:\/\/www.lemtec.it\/wp-content\/uploads\/2021\/02\/Chiaro_Azienda-1024x618.png","type":"image\/png"}],"twitter_card":"summary_large_image","twitter_misc":{"Tiempo de lectura":"1 minuto"},"schema":{"@context":"https:\/\/schema.org","@graph":[{"@type":"WebPage","@id":"https:\/\/www.lemtec.it\/es\/cabeceado\/","url":"https:\/\/www.lemtec.it\/es\/cabeceado\/","name":"Encabezado &lt; LEM TEC","isPartOf":{"@id":"https:\/\/www.lemtec.it\/es\/#website"},"primaryImageOfPage":{"@id":"https:\/\/www.lemtec.it\/es\/cabeceado\/#primaryimage"},"image":{"@id":"https:\/\/www.lemtec.it\/es\/cabeceado\/#primaryimage"},"thumbnailUrl":"https:\/\/www.lemtec.it\/wp-content\/uploads\/2021\/02\/Chiaro_Azienda.png","datePublished":"2024-09-11T13:38:55+00:00","dateModified":"2024-09-19T13:26:27+00:00","description":"Revisi\u00f3n de m\u00e1quina que encabezaba carrocer\u00edas de motor. Mejora implementada. Disco diamantado utilizado. Carga peculiar de la pieza.","breadcrumb":{"@id":"https:\/\/www.lemtec.it\/es\/cabeceado\/#breadcrumb"},"inLanguage":"es","potentialAction":[{"@type":"ReadAction","target":["https:\/\/www.lemtec.it\/es\/cabeceado\/"]}]},{"@type":"ImageObject","inLanguage":"es","@id":"https:\/\/www.lemtec.it\/es\/cabeceado\/#primaryimage","url":"https:\/\/www.lemtec.it\/wp-content\/uploads\/2021\/02\/Chiaro_Azienda.png","contentUrl":"https:\/\/www.lemtec.it\/wp-content\/uploads\/2021\/02\/Chiaro_Azienda.png","width":3393,"height":2049},{"@type":"BreadcrumbList","@id":"https:\/\/www.lemtec.it\/es\/cabeceado\/#breadcrumb","itemListElement":[{"@type":"ListItem","position":1,"name":"Home","item":"https:\/\/www.lemtec.it\/es\/"},{"@type":"ListItem","position":2,"name":"Cabeceado"}]},{"@type":"WebSite","@id":"https:\/\/www.lemtec.it\/es\/#website","url":"https:\/\/www.lemtec.it\/es\/","name":"LEM TEC","description":"Costruttore di macchine utensili 4.0 e CNC","publisher":{"@id":"https:\/\/www.lemtec.it\/es\/#organization"},"potentialAction":[{"@type":"SearchAction","target":{"@type":"EntryPoint","urlTemplate":"https:\/\/www.lemtec.it\/es\/?s={search_term_string}"},"query-input":{"@type":"PropertyValueSpecification","valueRequired":true,"valueName":"search_term_string"}}],"inLanguage":"es"},{"@type":"Organization","@id":"https:\/\/www.lemtec.it\/es\/#organization","name":"LEM TEC SRL","url":"https:\/\/www.lemtec.it\/es\/","logo":{"@type":"ImageObject","inLanguage":"es","@id":"https:\/\/www.lemtec.it\/es\/#\/schema\/logo\/image\/","url":"https:\/\/www.lemtec.it\/wp-content\/uploads\/2020\/07\/logo.png","contentUrl":"https:\/\/www.lemtec.it\/wp-content\/uploads\/2020\/07\/logo.png","width":170,"height":64,"caption":"LEM TEC SRL"},"image":{"@id":"https:\/\/www.lemtec.it\/es\/#\/schema\/logo\/image\/"}}]}},"_links":{"self":[{"href":"https:\/\/www.lemtec.it\/es\/wp-json\/wp\/v2\/pages\/8927","targetHints":{"allow":["GET"]}}],"collection":[{"href":"https:\/\/www.lemtec.it\/es\/wp-json\/wp\/v2\/pages"}],"about":[{"href":"https:\/\/www.lemtec.it\/es\/wp-json\/wp\/v2\/types\/page"}],"author":[{"embeddable":true,"href":"https:\/\/www.lemtec.it\/es\/wp-json\/wp\/v2\/users\/1"}],"replies":[{"embeddable":true,"href":"https:\/\/www.lemtec.it\/es\/wp-json\/wp\/v2\/comments?post=8927"}],"version-history":[{"count":1,"href":"https:\/\/www.lemtec.it\/es\/wp-json\/wp\/v2\/pages\/8927\/revisions"}],"predecessor-version":[{"id":8928,"href":"https:\/\/www.lemtec.it\/es\/wp-json\/wp\/v2\/pages\/8927\/revisions\/8928"}],"wp:featuredmedia":[{"embeddable":true,"href":"https:\/\/www.lemtec.it\/es\/wp-json\/wp\/v2\/media\/8906"}],"wp:attachment":[{"href":"https:\/\/www.lemtec.it\/es\/wp-json\/wp\/v2\/media?parent=8927"}],"curies":[{"name":"wp","href":"https:\/\/api.w.org\/{rel}","templated":true}]}}