{"id":8925,"date":"2024-09-11T15:15:48","date_gmt":"2024-09-11T13:15:48","guid":{"rendered":"https:\/\/www.lemtec.it\/fresado\/"},"modified":"2024-09-19T15:22:36","modified_gmt":"2024-09-19T13:22:36","slug":"fresado","status":"publish","type":"page","link":"https:\/\/www.lemtec.it\/es\/fresado\/","title":{"rendered":"Fresado"},"content":{"rendered":"\t\t<div data-elementor-type=\"wp-page\" data-elementor-id=\"8925\" class=\"elementor elementor-8925 elementor-3565\">\n\t\t\t\t\t\t<div class=\"elementor-inner\">\n\t\t\t\t<div class=\"elementor-section-wrap\">\n\t\t\t\t\t\t\t\t\t<section class=\"elementor-section elementor-top-section elementor-element elementor-element-f9071b8 elementor-section-boxed elementor-section-height-default elementor-section-height-default\" data-id=\"f9071b8\" data-element_type=\"section\">\n\t\t\t\t\t\t<div class=\"elementor-container elementor-column-gap-default \">\n\t\t\t\t<div class=\"elementor-row\">\n\t\t\t\t<div class=\"elementor-column elementor-col-100 elementor-top-column elementor-element elementor-element-31f7cc6\" data-id=\"31f7cc6\" data-element_type=\"column\">\n\t\t\t<div class=\"elementor-column-wrap  elementor-element-populated\">\n\t\t\t\t\t<div class=\"elementor-widget-wrap\">\n\t\t\t\t<div class=\"elementor-element elementor-element-041e8f8 elementor-widget elementor-widget-heading\" data-id=\"041e8f8\" data-element_type=\"widget\" data-widget_type=\"heading.default\">\n\t\t\t\t<div class=\"elementor-widget-container\">\n\t\t\t<h1 class=\"elementor-heading-title elementor-size-default\">FRESADO<\/h1>\t\t<\/div>\n\t\t\t\t<\/div>\n\t\t\t\t<div class=\"elementor-element elementor-element-6230b77 elementor-widget elementor-widget-text-editor\" data-id=\"6230b77\" data-element_type=\"widget\" data-widget_type=\"text-editor.default\">\n\t\t\t\t<div class=\"elementor-widget-container\">\n\t\t\t\t\t\t\t\t<div class=\"elementor-text-editor elementor-clearfix\">\n\t\t\t\t<h3 style=\"text-align: center;\">M\u00e1quinas especiales<\/h3>\n\t\t\t\t\t<\/div>\n\t\t\t\t\t\t<\/div>\n\t\t\t\t<\/div>\n\t\t\t\t<div class=\"elementor-element elementor-element-730030b elementor-widget-divider--view-line elementor-widget elementor-widget-divider\" data-id=\"730030b\" data-element_type=\"widget\" data-widget_type=\"divider.default\">\n\t\t\t\t<div class=\"elementor-widget-container\">\n\t\t\t\t\t<div class=\"elementor-divider\">\n\t\t\t<span class=\"elementor-divider-separator\">\n\t\t\t\t\t\t<\/span>\n\t\t<\/div>\n\t\t\t\t<\/div>\n\t\t\t\t<\/div>\n\t\t\t\t\t\t<\/div>\n\t\t\t<\/div>\n\t\t<\/div>\n\t\t\t\t\t\t<\/div>\n\t\t\t<\/div>\n\t\t<\/section>\n\t\t\t\t<section class=\"elementor-section elementor-top-section elementor-element elementor-element-aedeb0a elementor-section-boxed elementor-section-height-default elementor-section-height-default\" data-id=\"aedeb0a\" data-element_type=\"section\">\n\t\t\t\t\t\t<div class=\"elementor-container elementor-column-gap-default \">\n\t\t\t\t<div class=\"elementor-row\">\n\t\t\t\t<div class=\"elementor-column elementor-col-100 elementor-top-column elementor-element elementor-element-8523167\" data-id=\"8523167\" data-element_type=\"column\">\n\t\t\t<div class=\"elementor-column-wrap  elementor-element-populated\">\n\t\t\t\t\t<div class=\"elementor-widget-wrap\">\n\t\t\t\t<div class=\"elementor-element elementor-element-bdfeb5f elementor-widget elementor-widget-text-editor\" data-id=\"bdfeb5f\" data-element_type=\"widget\" data-widget_type=\"text-editor.default\">\n\t\t\t\t<div class=\"elementor-widget-container\">\n\t\t\t\t\t\t\t\t<div class=\"elementor-text-editor elementor-clearfix\">\n\t\t\t\t<p><strong>PETICI\u00d3N ESPECIAL: &nbsp;<\/strong>El proyecto de la m\u00e1quina <a href=\"https:\/\/www.lemtec.it\/multicentro\/\">MULTICENTRE <\/a>requer\u00eda una reducci\u00f3n del tiempo de fresado en el cuerpo de una bomba de hierro fundido y acero inoxidable. La m\u00e1quina tambi\u00e9n realizaba operaciones de taladrado y roscado. En concreto, se nos ped\u00eda poder eliminar 7 mm de material con una fresa de inserci\u00f3n de 100 mm de di\u00e1metro y girar la pieza en la m\u00e1quina sin necesidad de trasladarla a otra m\u00e1quina para realizar las dem\u00e1s operaciones de mecanizado.  &nbsp;<\/p>\n<p><strong>SOLUCI\u00d3N<\/strong>: Debido a la irregularidad de la fundici\u00f3n del cuerpo de la bomba, tuvimos que garantizar una rigidez extrema de la m\u00e1quina y dise\u00f1ar un sistema de sujeci\u00f3n muy especial. As\u00ed pues, se integraron rigidizadores y cilindros hidr\u00e1ulicos en la sujeci\u00f3n &nbsp; para minimizar las vibraciones y garantizar un excelente acabado. &nbsp;<\/p>\n<p><strong>OTRA PETICI\u00d3N:<\/strong> &nbsp; Solucionar los problemas con las transmisiones del cabezal de fresado: montadas en una m\u00e1quina transfer est\u00e1ndar, a pesar de ser helicoidales y estar cementadas, no duraban m\u00e1s de 5\/6 meses.&nbsp;<\/p>\n<p><strong>SOLUCI\u00d3N<\/strong>: Para solucionar el problema, redise\u00f1amos el cabezal (esta vez respetando las dimensiones de la m\u00e1quina), aumentamos el m\u00f3dulo de las transmisiones y sustituimos la grasa lubricante.<\/p>\t\t\t\t\t<\/div>\n\t\t\t\t\t\t<\/div>\n\t\t\t\t<\/div>\n\t\t\t\t\t\t<\/div>\n\t\t\t<\/div>\n\t\t<\/div>\n\t\t\t\t\t\t<\/div>\n\t\t\t<\/div>\n\t\t<\/section>\n\t\t\t\t\t\t\t\t\t<\/div>\n\t\t\t<\/div>\n\t\t\t\t\t<\/div>\n\t\t","protected":false},"excerpt":{"rendered":"<p>FRESADO M\u00e1quinas especiales PETICI\u00d3N ESPECIAL: &nbsp;El proyecto de la m\u00e1quina MULTICENTRE requer\u00eda una reducci\u00f3n del tiempo de fresado en el cuerpo de una bomba de hierro fundido y acero inoxidable. La m\u00e1quina tambi\u00e9n realizaba operaciones de taladrado y roscado. En concreto, se nos ped\u00eda poder eliminar 7 mm de material con una fresa de inserci\u00f3n [&hellip;]<\/p>\n","protected":false},"author":1,"featured_media":0,"parent":0,"menu_order":0,"comment_status":"closed","ping_status":"closed","template":"elementor_header_footer","meta":{"footnotes":""},"class_list":["post-8925","page","type-page","status-publish","hentry"],"yoast_head":"<!-- This site is optimized with the Yoast SEO plugin v27.4 - https:\/\/yoast.com\/product\/yoast-seo-wordpress\/ -->\n<title>Fresado &lt; LEM TEC<\/title>\n<meta name=\"description\" content=\"Fresado de cuerpos de bomba, montaje r\u00edgido para reducir vibraciones. Soluci\u00f3n de problemas en la cabeza de fresado. Reducci\u00f3n de los tiempos de procesamiento.\" \/>\n<meta name=\"robots\" content=\"index, follow, max-snippet:-1, max-image-preview:large, max-video-preview:-1\" \/>\n<link rel=\"canonical\" href=\"https:\/\/www.lemtec.it\/es\/fresado\/\" \/>\n<meta property=\"og:locale\" content=\"es_ES\" \/>\n<meta property=\"og:type\" content=\"article\" \/>\n<meta property=\"og:title\" content=\"Fresado &lt; LEM TEC\" \/>\n<meta property=\"og:description\" content=\"Fresado de cuerpos de bomba, montaje r\u00edgido para reducir vibraciones. Soluci\u00f3n de problemas en la cabeza de fresado. Reducci\u00f3n de los tiempos de procesamiento.\" \/>\n<meta property=\"og:url\" content=\"https:\/\/www.lemtec.it\/es\/fresado\/\" \/>\n<meta property=\"og:site_name\" content=\"LEM TEC\" \/>\n<meta property=\"article:modified_time\" content=\"2024-09-19T13:22:36+00:00\" \/>\n<meta name=\"twitter:card\" content=\"summary_large_image\" \/>\n<meta name=\"twitter:label1\" content=\"Tiempo de lectura\" \/>\n\t<meta name=\"twitter:data1\" content=\"2 minutos\" \/>\n<script type=\"application\/ld+json\" class=\"yoast-schema-graph\">{\"@context\":\"https:\\\/\\\/schema.org\",\"@graph\":[{\"@type\":\"WebPage\",\"@id\":\"https:\\\/\\\/www.lemtec.it\\\/es\\\/fresado\\\/\",\"url\":\"https:\\\/\\\/www.lemtec.it\\\/es\\\/fresado\\\/\",\"name\":\"Fresado &lt; LEM TEC\",\"isPartOf\":{\"@id\":\"https:\\\/\\\/www.lemtec.it\\\/es\\\/#website\"},\"datePublished\":\"2024-09-11T13:15:48+00:00\",\"dateModified\":\"2024-09-19T13:22:36+00:00\",\"description\":\"Fresado de cuerpos de bomba, montaje r\u00edgido para reducir vibraciones. Soluci\u00f3n de problemas en la cabeza de fresado. Reducci\u00f3n de los tiempos de procesamiento.\",\"breadcrumb\":{\"@id\":\"https:\\\/\\\/www.lemtec.it\\\/es\\\/fresado\\\/#breadcrumb\"},\"inLanguage\":\"es\",\"potentialAction\":[{\"@type\":\"ReadAction\",\"target\":[\"https:\\\/\\\/www.lemtec.it\\\/es\\\/fresado\\\/\"]}]},{\"@type\":\"BreadcrumbList\",\"@id\":\"https:\\\/\\\/www.lemtec.it\\\/es\\\/fresado\\\/#breadcrumb\",\"itemListElement\":[{\"@type\":\"ListItem\",\"position\":1,\"name\":\"Home\",\"item\":\"https:\\\/\\\/www.lemtec.it\\\/es\\\/\"},{\"@type\":\"ListItem\",\"position\":2,\"name\":\"Fresado\"}]},{\"@type\":\"WebSite\",\"@id\":\"https:\\\/\\\/www.lemtec.it\\\/es\\\/#website\",\"url\":\"https:\\\/\\\/www.lemtec.it\\\/es\\\/\",\"name\":\"LEM TEC\",\"description\":\"Costruttore di macchine utensili 4.0 e CNC\",\"publisher\":{\"@id\":\"https:\\\/\\\/www.lemtec.it\\\/es\\\/#organization\"},\"potentialAction\":[{\"@type\":\"SearchAction\",\"target\":{\"@type\":\"EntryPoint\",\"urlTemplate\":\"https:\\\/\\\/www.lemtec.it\\\/es\\\/?s={search_term_string}\"},\"query-input\":{\"@type\":\"PropertyValueSpecification\",\"valueRequired\":true,\"valueName\":\"search_term_string\"}}],\"inLanguage\":\"es\"},{\"@type\":\"Organization\",\"@id\":\"https:\\\/\\\/www.lemtec.it\\\/es\\\/#organization\",\"name\":\"LEM TEC SRL\",\"url\":\"https:\\\/\\\/www.lemtec.it\\\/es\\\/\",\"logo\":{\"@type\":\"ImageObject\",\"inLanguage\":\"es\",\"@id\":\"https:\\\/\\\/www.lemtec.it\\\/es\\\/#\\\/schema\\\/logo\\\/image\\\/\",\"url\":\"https:\\\/\\\/www.lemtec.it\\\/wp-content\\\/uploads\\\/2020\\\/07\\\/logo.png\",\"contentUrl\":\"https:\\\/\\\/www.lemtec.it\\\/wp-content\\\/uploads\\\/2020\\\/07\\\/logo.png\",\"width\":170,\"height\":64,\"caption\":\"LEM TEC SRL\"},\"image\":{\"@id\":\"https:\\\/\\\/www.lemtec.it\\\/es\\\/#\\\/schema\\\/logo\\\/image\\\/\"}}]}<\/script>\n<!-- \/ Yoast SEO plugin. -->","yoast_head_json":{"title":"Fresado &lt; LEM TEC","description":"Fresado de cuerpos de bomba, montaje r\u00edgido para reducir vibraciones. Soluci\u00f3n de problemas en la cabeza de fresado. Reducci\u00f3n de los tiempos de procesamiento.","robots":{"index":"index","follow":"follow","max-snippet":"max-snippet:-1","max-image-preview":"max-image-preview:large","max-video-preview":"max-video-preview:-1"},"canonical":"https:\/\/www.lemtec.it\/es\/fresado\/","og_locale":"es_ES","og_type":"article","og_title":"Fresado &lt; LEM TEC","og_description":"Fresado de cuerpos de bomba, montaje r\u00edgido para reducir vibraciones. Soluci\u00f3n de problemas en la cabeza de fresado. Reducci\u00f3n de los tiempos de procesamiento.","og_url":"https:\/\/www.lemtec.it\/es\/fresado\/","og_site_name":"LEM TEC","article_modified_time":"2024-09-19T13:22:36+00:00","twitter_card":"summary_large_image","twitter_misc":{"Tiempo de lectura":"2 minutos"},"schema":{"@context":"https:\/\/schema.org","@graph":[{"@type":"WebPage","@id":"https:\/\/www.lemtec.it\/es\/fresado\/","url":"https:\/\/www.lemtec.it\/es\/fresado\/","name":"Fresado &lt; LEM TEC","isPartOf":{"@id":"https:\/\/www.lemtec.it\/es\/#website"},"datePublished":"2024-09-11T13:15:48+00:00","dateModified":"2024-09-19T13:22:36+00:00","description":"Fresado de cuerpos de bomba, montaje r\u00edgido para reducir vibraciones. Soluci\u00f3n de problemas en la cabeza de fresado. Reducci\u00f3n de los tiempos de procesamiento.","breadcrumb":{"@id":"https:\/\/www.lemtec.it\/es\/fresado\/#breadcrumb"},"inLanguage":"es","potentialAction":[{"@type":"ReadAction","target":["https:\/\/www.lemtec.it\/es\/fresado\/"]}]},{"@type":"BreadcrumbList","@id":"https:\/\/www.lemtec.it\/es\/fresado\/#breadcrumb","itemListElement":[{"@type":"ListItem","position":1,"name":"Home","item":"https:\/\/www.lemtec.it\/es\/"},{"@type":"ListItem","position":2,"name":"Fresado"}]},{"@type":"WebSite","@id":"https:\/\/www.lemtec.it\/es\/#website","url":"https:\/\/www.lemtec.it\/es\/","name":"LEM TEC","description":"Costruttore di macchine utensili 4.0 e CNC","publisher":{"@id":"https:\/\/www.lemtec.it\/es\/#organization"},"potentialAction":[{"@type":"SearchAction","target":{"@type":"EntryPoint","urlTemplate":"https:\/\/www.lemtec.it\/es\/?s={search_term_string}"},"query-input":{"@type":"PropertyValueSpecification","valueRequired":true,"valueName":"search_term_string"}}],"inLanguage":"es"},{"@type":"Organization","@id":"https:\/\/www.lemtec.it\/es\/#organization","name":"LEM TEC SRL","url":"https:\/\/www.lemtec.it\/es\/","logo":{"@type":"ImageObject","inLanguage":"es","@id":"https:\/\/www.lemtec.it\/es\/#\/schema\/logo\/image\/","url":"https:\/\/www.lemtec.it\/wp-content\/uploads\/2020\/07\/logo.png","contentUrl":"https:\/\/www.lemtec.it\/wp-content\/uploads\/2020\/07\/logo.png","width":170,"height":64,"caption":"LEM TEC SRL"},"image":{"@id":"https:\/\/www.lemtec.it\/es\/#\/schema\/logo\/image\/"}}]}},"_links":{"self":[{"href":"https:\/\/www.lemtec.it\/es\/wp-json\/wp\/v2\/pages\/8925","targetHints":{"allow":["GET"]}}],"collection":[{"href":"https:\/\/www.lemtec.it\/es\/wp-json\/wp\/v2\/pages"}],"about":[{"href":"https:\/\/www.lemtec.it\/es\/wp-json\/wp\/v2\/types\/page"}],"author":[{"embeddable":true,"href":"https:\/\/www.lemtec.it\/es\/wp-json\/wp\/v2\/users\/1"}],"replies":[{"embeddable":true,"href":"https:\/\/www.lemtec.it\/es\/wp-json\/wp\/v2\/comments?post=8925"}],"version-history":[{"count":1,"href":"https:\/\/www.lemtec.it\/es\/wp-json\/wp\/v2\/pages\/8925\/revisions"}],"predecessor-version":[{"id":8926,"href":"https:\/\/www.lemtec.it\/es\/wp-json\/wp\/v2\/pages\/8925\/revisions\/8926"}],"wp:attachment":[{"href":"https:\/\/www.lemtec.it\/es\/wp-json\/wp\/v2\/media?parent=8925"}],"curies":[{"name":"wp","href":"https:\/\/api.w.org\/{rel}","templated":true}]}}