{"id":8920,"date":"2024-09-11T15:05:38","date_gmt":"2024-09-11T13:05:38","guid":{"rendered":"https:\/\/www.lemtec.it\/perforacion\/"},"modified":"2024-09-19T15:19:19","modified_gmt":"2024-09-19T13:19:19","slug":"perforacion","status":"publish","type":"page","link":"https:\/\/www.lemtec.it\/es\/perforacion\/","title":{"rendered":"Perforaci\u00f3n"},"content":{"rendered":"\t\t<div data-elementor-type=\"wp-page\" data-elementor-id=\"8920\" class=\"elementor elementor-8920 elementor-3586\">\n\t\t\t\t\t\t<div class=\"elementor-inner\">\n\t\t\t\t<div class=\"elementor-section-wrap\">\n\t\t\t\t\t\t\t\t\t<section class=\"elementor-section elementor-top-section elementor-element elementor-element-f9071b8 elementor-section-boxed elementor-section-height-default elementor-section-height-default\" data-id=\"f9071b8\" data-element_type=\"section\">\n\t\t\t\t\t\t<div class=\"elementor-container elementor-column-gap-default \">\n\t\t\t\t<div class=\"elementor-row\">\n\t\t\t\t<div class=\"elementor-column elementor-col-100 elementor-top-column elementor-element elementor-element-31f7cc6\" data-id=\"31f7cc6\" data-element_type=\"column\">\n\t\t\t<div class=\"elementor-column-wrap  elementor-element-populated\">\n\t\t\t\t\t<div class=\"elementor-widget-wrap\">\n\t\t\t\t<div class=\"elementor-element elementor-element-041e8f8 elementor-widget elementor-widget-heading\" data-id=\"041e8f8\" data-element_type=\"widget\" data-widget_type=\"heading.default\">\n\t\t\t\t<div class=\"elementor-widget-container\">\n\t\t\t<h1 class=\"elementor-heading-title elementor-size-default\">PERFORACI\u00d3N<\/h1>\t\t<\/div>\n\t\t\t\t<\/div>\n\t\t\t\t<div class=\"elementor-element elementor-element-032bf84 elementor-widget elementor-widget-text-editor\" data-id=\"032bf84\" data-element_type=\"widget\" data-widget_type=\"text-editor.default\">\n\t\t\t\t<div class=\"elementor-widget-container\">\n\t\t\t\t\t\t\t\t<div class=\"elementor-text-editor elementor-clearfix\">\n\t\t\t\t<h3 style=\"text-align: center;\">M\u00e1quinas especiales<\/h3>\n\t\t\t\t\t<\/div>\n\t\t\t\t\t\t<\/div>\n\t\t\t\t<\/div>\n\t\t\t\t<div class=\"elementor-element elementor-element-0263430 elementor-widget-divider--view-line elementor-widget elementor-widget-divider\" data-id=\"0263430\" data-element_type=\"widget\" data-widget_type=\"divider.default\">\n\t\t\t\t<div class=\"elementor-widget-container\">\n\t\t\t\t\t<div class=\"elementor-divider\">\n\t\t\t<span class=\"elementor-divider-separator\">\n\t\t\t\t\t\t<\/span>\n\t\t<\/div>\n\t\t\t\t<\/div>\n\t\t\t\t<\/div>\n\t\t\t\t\t\t<\/div>\n\t\t\t<\/div>\n\t\t<\/div>\n\t\t\t\t\t\t<\/div>\n\t\t\t<\/div>\n\t\t<\/section>\n\t\t\t\t<section class=\"elementor-section elementor-top-section elementor-element elementor-element-aedeb0a elementor-section-boxed elementor-section-height-default elementor-section-height-default\" data-id=\"aedeb0a\" data-element_type=\"section\">\n\t\t\t\t\t\t<div class=\"elementor-container elementor-column-gap-default \">\n\t\t\t\t<div class=\"elementor-row\">\n\t\t\t\t<div class=\"elementor-column elementor-col-100 elementor-top-column elementor-element elementor-element-8523167\" data-id=\"8523167\" data-element_type=\"column\">\n\t\t\t<div class=\"elementor-column-wrap  elementor-element-populated\">\n\t\t\t\t\t<div class=\"elementor-widget-wrap\">\n\t\t\t\t<div class=\"elementor-element elementor-element-bdfeb5f elementor-widget elementor-widget-text-editor\" data-id=\"bdfeb5f\" data-element_type=\"widget\" data-widget_type=\"text-editor.default\">\n\t\t\t\t<div class=\"elementor-widget-container\">\n\t\t\t\t\t\t\t\t<div class=\"elementor-text-editor elementor-clearfix\">\n\t\t\t\t<p><strong>PERFORACI\u00d3N R\u00c1PIDA.<\/strong> El proyecto surgi\u00f3 de la necesidad de agilizar la operaci\u00f3n de perforaci\u00f3n que normalmente se realiza con una m\u00e1quina est\u00e1ndar. <\/p>\n<p><strong>SOLUCI\u00d3N.<\/strong> Para agilizar el taladrado, desarrollamos una m\u00e1quina de 4 m\u00f3dulos capaz de cuadruplicar la operaci\u00f3n de mecanizado, permitiendo as\u00ed aumentar la producci\u00f3n.<\/p>\n<p><strong>FLEXIBILIDAD.<\/strong> Se dise\u00f1\u00f3 un dispositivo de sujeci\u00f3n de piezas que permite cargar hasta 20 piezas de diferentes tama\u00f1os, desde 100 mm hasta 1000 mm de altura y desde un di\u00e1metro de 100 mm hasta un m\u00e1ximo de 1200 mm.<\/p>\n<p><strong>TALADRADO M\u00daLTIPLE<\/strong>. Cuando se utilizan taladradoras de <a href=\"https:\/\/www.lemtec.it\/transfer\/\">transferencia<\/a>, la norma es reducir al m\u00e1ximo los tiempos de producci\u00f3n. Por este motivo, hemos desarrollado cabezales de taladrado m\u00faltiple capaces de taladrar varios orificios simult\u00e1neamente. <\/p>\n\t\t\t\t\t<\/div>\n\t\t\t\t\t\t<\/div>\n\t\t\t\t<\/div>\n\t\t\t\t\t\t<\/div>\n\t\t\t<\/div>\n\t\t<\/div>\n\t\t\t\t\t\t<\/div>\n\t\t\t<\/div>\n\t\t<\/section>\n\t\t\t\t\t\t\t\t\t<\/div>\n\t\t\t<\/div>\n\t\t\t\t\t<\/div>\n\t\t","protected":false},"excerpt":{"rendered":"<p>PERFORACI\u00d3N M\u00e1quinas especiales PERFORACI\u00d3N R\u00c1PIDA. El proyecto surgi\u00f3 de la necesidad de agilizar la operaci\u00f3n de perforaci\u00f3n que normalmente se realiza con una m\u00e1quina est\u00e1ndar. SOLUCI\u00d3N. Para agilizar el taladrado, desarrollamos una m\u00e1quina de 4 m\u00f3dulos capaz de cuadruplicar la operaci\u00f3n de mecanizado, permitiendo as\u00ed aumentar la producci\u00f3n. FLEXIBILIDAD. Se dise\u00f1\u00f3 un dispositivo de sujeci\u00f3n [&hellip;]<\/p>\n","protected":false},"author":1,"featured_media":0,"parent":0,"menu_order":0,"comment_status":"closed","ping_status":"closed","template":"elementor_header_footer","meta":{"footnotes":""},"class_list":["post-8920","page","type-page","status-publish","hentry"],"yoast_head":"<!-- This site is optimized with the Yoast SEO plugin v27.4 - https:\/\/yoast.com\/product\/yoast-seo-wordpress\/ -->\n<title>Perforaci\u00f3n &lt; LEM TEC<\/title>\n<meta name=\"description\" content=\"Perforaci\u00f3n r\u00e1pida en comparaci\u00f3n con los est\u00e1ndares. Cuadruplicaci\u00f3n del procesamiento. Flexibilidad de la perforadora en el montaje. Se recomiendan las m\u00e1quinas transfer.\" \/>\n<meta name=\"robots\" content=\"index, follow, max-snippet:-1, max-image-preview:large, max-video-preview:-1\" \/>\n<link rel=\"canonical\" href=\"https:\/\/www.lemtec.it\/es\/perforacion\/\" \/>\n<meta property=\"og:locale\" content=\"es_ES\" \/>\n<meta property=\"og:type\" content=\"article\" \/>\n<meta property=\"og:title\" content=\"Perforaci\u00f3n &lt; LEM TEC\" \/>\n<meta property=\"og:description\" content=\"Perforaci\u00f3n r\u00e1pida en comparaci\u00f3n con los est\u00e1ndares. Cuadruplicaci\u00f3n del procesamiento. Flexibilidad de la perforadora en el montaje. Se recomiendan las m\u00e1quinas transfer.\" \/>\n<meta property=\"og:url\" content=\"https:\/\/www.lemtec.it\/es\/perforacion\/\" \/>\n<meta property=\"og:site_name\" content=\"LEM TEC\" \/>\n<meta property=\"article:modified_time\" content=\"2024-09-19T13:19:19+00:00\" \/>\n<meta name=\"twitter:card\" content=\"summary_large_image\" \/>\n<meta name=\"twitter:label1\" content=\"Tiempo de lectura\" \/>\n\t<meta name=\"twitter:data1\" content=\"1 minuto\" \/>\n<script type=\"application\/ld+json\" class=\"yoast-schema-graph\">{\"@context\":\"https:\\\/\\\/schema.org\",\"@graph\":[{\"@type\":\"WebPage\",\"@id\":\"https:\\\/\\\/www.lemtec.it\\\/es\\\/perforacion\\\/\",\"url\":\"https:\\\/\\\/www.lemtec.it\\\/es\\\/perforacion\\\/\",\"name\":\"Perforaci\u00f3n &lt; LEM TEC\",\"isPartOf\":{\"@id\":\"https:\\\/\\\/www.lemtec.it\\\/es\\\/#website\"},\"datePublished\":\"2024-09-11T13:05:38+00:00\",\"dateModified\":\"2024-09-19T13:19:19+00:00\",\"description\":\"Perforaci\u00f3n r\u00e1pida en comparaci\u00f3n con los est\u00e1ndares. Cuadruplicaci\u00f3n del procesamiento. Flexibilidad de la perforadora en el montaje. Se recomiendan las m\u00e1quinas transfer.\",\"breadcrumb\":{\"@id\":\"https:\\\/\\\/www.lemtec.it\\\/es\\\/perforacion\\\/#breadcrumb\"},\"inLanguage\":\"es\",\"potentialAction\":[{\"@type\":\"ReadAction\",\"target\":[\"https:\\\/\\\/www.lemtec.it\\\/es\\\/perforacion\\\/\"]}]},{\"@type\":\"BreadcrumbList\",\"@id\":\"https:\\\/\\\/www.lemtec.it\\\/es\\\/perforacion\\\/#breadcrumb\",\"itemListElement\":[{\"@type\":\"ListItem\",\"position\":1,\"name\":\"Home\",\"item\":\"https:\\\/\\\/www.lemtec.it\\\/es\\\/\"},{\"@type\":\"ListItem\",\"position\":2,\"name\":\"Perforaci\u00f3n\"}]},{\"@type\":\"WebSite\",\"@id\":\"https:\\\/\\\/www.lemtec.it\\\/es\\\/#website\",\"url\":\"https:\\\/\\\/www.lemtec.it\\\/es\\\/\",\"name\":\"LEM TEC\",\"description\":\"Costruttore di macchine utensili 4.0 e CNC\",\"publisher\":{\"@id\":\"https:\\\/\\\/www.lemtec.it\\\/es\\\/#organization\"},\"potentialAction\":[{\"@type\":\"SearchAction\",\"target\":{\"@type\":\"EntryPoint\",\"urlTemplate\":\"https:\\\/\\\/www.lemtec.it\\\/es\\\/?s={search_term_string}\"},\"query-input\":{\"@type\":\"PropertyValueSpecification\",\"valueRequired\":true,\"valueName\":\"search_term_string\"}}],\"inLanguage\":\"es\"},{\"@type\":\"Organization\",\"@id\":\"https:\\\/\\\/www.lemtec.it\\\/es\\\/#organization\",\"name\":\"LEM TEC SRL\",\"url\":\"https:\\\/\\\/www.lemtec.it\\\/es\\\/\",\"logo\":{\"@type\":\"ImageObject\",\"inLanguage\":\"es\",\"@id\":\"https:\\\/\\\/www.lemtec.it\\\/es\\\/#\\\/schema\\\/logo\\\/image\\\/\",\"url\":\"https:\\\/\\\/www.lemtec.it\\\/wp-content\\\/uploads\\\/2020\\\/07\\\/logo.png\",\"contentUrl\":\"https:\\\/\\\/www.lemtec.it\\\/wp-content\\\/uploads\\\/2020\\\/07\\\/logo.png\",\"width\":170,\"height\":64,\"caption\":\"LEM TEC SRL\"},\"image\":{\"@id\":\"https:\\\/\\\/www.lemtec.it\\\/es\\\/#\\\/schema\\\/logo\\\/image\\\/\"}}]}<\/script>\n<!-- \/ Yoast SEO plugin. -->","yoast_head_json":{"title":"Perforaci\u00f3n &lt; LEM TEC","description":"Perforaci\u00f3n r\u00e1pida en comparaci\u00f3n con los est\u00e1ndares. Cuadruplicaci\u00f3n del procesamiento. Flexibilidad de la perforadora en el montaje. Se recomiendan las m\u00e1quinas transfer.","robots":{"index":"index","follow":"follow","max-snippet":"max-snippet:-1","max-image-preview":"max-image-preview:large","max-video-preview":"max-video-preview:-1"},"canonical":"https:\/\/www.lemtec.it\/es\/perforacion\/","og_locale":"es_ES","og_type":"article","og_title":"Perforaci\u00f3n &lt; LEM TEC","og_description":"Perforaci\u00f3n r\u00e1pida en comparaci\u00f3n con los est\u00e1ndares. Cuadruplicaci\u00f3n del procesamiento. Flexibilidad de la perforadora en el montaje. Se recomiendan las m\u00e1quinas transfer.","og_url":"https:\/\/www.lemtec.it\/es\/perforacion\/","og_site_name":"LEM TEC","article_modified_time":"2024-09-19T13:19:19+00:00","twitter_card":"summary_large_image","twitter_misc":{"Tiempo de lectura":"1 minuto"},"schema":{"@context":"https:\/\/schema.org","@graph":[{"@type":"WebPage","@id":"https:\/\/www.lemtec.it\/es\/perforacion\/","url":"https:\/\/www.lemtec.it\/es\/perforacion\/","name":"Perforaci\u00f3n &lt; LEM TEC","isPartOf":{"@id":"https:\/\/www.lemtec.it\/es\/#website"},"datePublished":"2024-09-11T13:05:38+00:00","dateModified":"2024-09-19T13:19:19+00:00","description":"Perforaci\u00f3n r\u00e1pida en comparaci\u00f3n con los est\u00e1ndares. Cuadruplicaci\u00f3n del procesamiento. Flexibilidad de la perforadora en el montaje. Se recomiendan las m\u00e1quinas transfer.","breadcrumb":{"@id":"https:\/\/www.lemtec.it\/es\/perforacion\/#breadcrumb"},"inLanguage":"es","potentialAction":[{"@type":"ReadAction","target":["https:\/\/www.lemtec.it\/es\/perforacion\/"]}]},{"@type":"BreadcrumbList","@id":"https:\/\/www.lemtec.it\/es\/perforacion\/#breadcrumb","itemListElement":[{"@type":"ListItem","position":1,"name":"Home","item":"https:\/\/www.lemtec.it\/es\/"},{"@type":"ListItem","position":2,"name":"Perforaci\u00f3n"}]},{"@type":"WebSite","@id":"https:\/\/www.lemtec.it\/es\/#website","url":"https:\/\/www.lemtec.it\/es\/","name":"LEM TEC","description":"Costruttore di macchine utensili 4.0 e CNC","publisher":{"@id":"https:\/\/www.lemtec.it\/es\/#organization"},"potentialAction":[{"@type":"SearchAction","target":{"@type":"EntryPoint","urlTemplate":"https:\/\/www.lemtec.it\/es\/?s={search_term_string}"},"query-input":{"@type":"PropertyValueSpecification","valueRequired":true,"valueName":"search_term_string"}}],"inLanguage":"es"},{"@type":"Organization","@id":"https:\/\/www.lemtec.it\/es\/#organization","name":"LEM TEC SRL","url":"https:\/\/www.lemtec.it\/es\/","logo":{"@type":"ImageObject","inLanguage":"es","@id":"https:\/\/www.lemtec.it\/es\/#\/schema\/logo\/image\/","url":"https:\/\/www.lemtec.it\/wp-content\/uploads\/2020\/07\/logo.png","contentUrl":"https:\/\/www.lemtec.it\/wp-content\/uploads\/2020\/07\/logo.png","width":170,"height":64,"caption":"LEM TEC SRL"},"image":{"@id":"https:\/\/www.lemtec.it\/es\/#\/schema\/logo\/image\/"}}]}},"_links":{"self":[{"href":"https:\/\/www.lemtec.it\/es\/wp-json\/wp\/v2\/pages\/8920","targetHints":{"allow":["GET"]}}],"collection":[{"href":"https:\/\/www.lemtec.it\/es\/wp-json\/wp\/v2\/pages"}],"about":[{"href":"https:\/\/www.lemtec.it\/es\/wp-json\/wp\/v2\/types\/page"}],"author":[{"embeddable":true,"href":"https:\/\/www.lemtec.it\/es\/wp-json\/wp\/v2\/users\/1"}],"replies":[{"embeddable":true,"href":"https:\/\/www.lemtec.it\/es\/wp-json\/wp\/v2\/comments?post=8920"}],"version-history":[{"count":1,"href":"https:\/\/www.lemtec.it\/es\/wp-json\/wp\/v2\/pages\/8920\/revisions"}],"predecessor-version":[{"id":8921,"href":"https:\/\/www.lemtec.it\/es\/wp-json\/wp\/v2\/pages\/8920\/revisions\/8921"}],"wp:attachment":[{"href":"https:\/\/www.lemtec.it\/es\/wp-json\/wp\/v2\/media?parent=8920"}],"curies":[{"name":"wp","href":"https:\/\/api.w.org\/{rel}","templated":true}]}}