{"id":9045,"date":"2024-09-12T10:14:43","date_gmt":"2024-09-12T08:14:43","guid":{"rendered":"https:\/\/www.lemtec.it\/kontakte\/"},"modified":"2024-09-19T14:55:27","modified_gmt":"2024-09-19T12:55:27","slug":"kontakte","status":"publish","type":"page","link":"https:\/\/www.lemtec.it\/de\/kontakte\/","title":{"rendered":"Kontakte"},"content":{"rendered":"\t\t<div data-elementor-type=\"wp-page\" data-elementor-id=\"9045\" class=\"elementor elementor-9045 elementor-1260\">\n\t\t\t\t\t\t<div class=\"elementor-inner\">\n\t\t\t\t<div class=\"elementor-section-wrap\">\n\t\t\t\t\t\t\t\t\t<section class=\"elementor-section elementor-top-section elementor-element elementor-element-5227d4b6 elementor-section-stretched home-conact-form elementor-section-content-middle elementor-section-boxed elementor-section-height-default elementor-section-height-default\" data-id=\"5227d4b6\" data-element_type=\"section\" data-settings=\"{&quot;stretch_section&quot;:&quot;section-stretched&quot;,&quot;background_background&quot;:&quot;classic&quot;}\">\n\t\t\t\t\t\t<div class=\"elementor-container elementor-column-gap-extended \">\n\t\t\t\t<div class=\"elementor-row\">\n\t\t\t\t<div class=\"elementor-column elementor-col-50 elementor-top-column elementor-element elementor-element-3da18451\" data-id=\"3da18451\" data-element_type=\"column\">\n\t\t\t<div class=\"elementor-column-wrap  elementor-element-populated\">\n\t\t\t\t\t<div class=\"elementor-widget-wrap\">\n\t\t\t\t<div class=\"elementor-element elementor-element-62adc9bd elementor-widget elementor-widget-cms_ctf7\" data-id=\"62adc9bd\" data-element_type=\"widget\" data-widget_type=\"cms_ctf7.default\">\n\t\t\t\t<div class=\"elementor-widget-container\">\n\t\t\t    <div id=\"cms_ctf7-62adc9bd\" class=\"cms-contact-form-layout1 wow fadeInLeft style1\">\n        <div class=\"cms-contact-form-inner\">\n        \t\t        \t<div class=\"cms-contact-form-meta\">\n\t        \t\t<h3>KONTAKTIERE UNS!<\/h3>\n\t        \t\t<p>Unsere Experten sind bereit, Ihre Bed\u00fcrfnisse anzuh\u00f6ren.<\/p>\n\t        \t<\/div>\n\t                    \n<div class=\"wpcf7 no-js\" id=\"wpcf7-f9479-o1\" lang=\"de-DE\" dir=\"ltr\">\n<div class=\"screen-reader-response\"><p role=\"status\" aria-live=\"polite\" aria-atomic=\"true\"><\/p> <ul><\/ul><\/div>\n<form action=\"\/de\/wp-json\/wp\/v2\/pages\/9045#wpcf7-f9479-o1\" method=\"post\" class=\"wpcf7-form init wpcf7-acceptance-as-validation\" aria-label=\"Kontaktformular\" novalidate=\"novalidate\" data-status=\"init\">\n<div style=\"display: none;\">\n<input type=\"hidden\" name=\"_wpcf7\" value=\"9479\" \/>\n<input type=\"hidden\" name=\"_wpcf7_version\" value=\"5.9.6\" \/>\n<input type=\"hidden\" name=\"_wpcf7_locale\" value=\"de_DE\" \/>\n<input type=\"hidden\" name=\"_wpcf7_unit_tag\" value=\"wpcf7-f9479-o1\" \/>\n<input type=\"hidden\" name=\"_wpcf7_container_post\" value=\"0\" \/>\n<input type=\"hidden\" name=\"_wpcf7_posted_data_hash\" value=\"\" \/>\n<\/div>\n<div class=\"row\">\n\t<div class=\"col-xs-12 col-sm-12 col-md-6 col-lg-6\">\n\t\t<div class=\"input-filled\">\n\t\t\t<p><span class=\"wpcf7-form-control-wrap\" data-name=\"firstname\"><input size=\"40\" maxlength=\"80\" class=\"wpcf7-form-control wpcf7-text\" aria-invalid=\"false\" placeholder=\"Name*\" value=\"\" type=\"text\" name=\"firstname\" \/><\/span>\n\t\t\t<\/p>\n\t\t<\/div>\n\t<\/div>\n\t<div class=\"col-xs-12 col-sm-12 col-md-6 col-lg-6\">\n\t\t<div class=\"input-filled\">\n\t\t\t<p><span class=\"wpcf7-form-control-wrap\" data-name=\"lastname\"><input size=\"40\" maxlength=\"80\" class=\"wpcf7-form-control wpcf7-text\" aria-invalid=\"false\" placeholder=\"Nachname*\" value=\"\" type=\"text\" name=\"lastname\" \/><\/span>\n\t\t\t<\/p>\n\t\t<\/div>\n\t<\/div>\n<\/div>\n<div class=\"row\">\n\t<div class=\"col-xs-12 col-sm-12 col-md-6 col-lg-6\">\n\t\t<div class=\"input-filled\">\n\t\t\t<p><span class=\"wpcf7-form-control-wrap\" data-name=\"company\"><input size=\"40\" maxlength=\"80\" class=\"wpcf7-form-control wpcf7-text\" aria-invalid=\"false\" placeholder=\"Unternehmen*\" value=\"\" type=\"text\" name=\"company\" \/><\/span>\n\t\t\t<\/p>\n\t\t<\/div>\n\t<\/div>\n\t<div class=\"col-xs-12 col-sm-12 col-md-6 col-lg-6\">\n\t\t<div class=\"input-filled\">\n\t\t\t<p><span class=\"wpcf7-form-control-wrap\" data-name=\"company_role\"><input size=\"40\" maxlength=\"80\" class=\"wpcf7-form-control wpcf7-text\" aria-invalid=\"false\" placeholder=\"Rolle des Unternehmens\" value=\"\" type=\"text\" name=\"company_role\" \/><\/span>\n\t\t\t<\/p>\n\t\t<\/div>\n\t<\/div>\n<\/div>\n<div class=\"row\">\n\t<div class=\"col-xs-12 col-sm-12 col-md-6 col-lg-6\">\n\t\t<div class=\"input-filled\">\n\t\t\t<p><span class=\"wpcf7-form-control-wrap\" data-name=\"phone\"><input size=\"40\" maxlength=\"80\" class=\"wpcf7-form-control wpcf7-tel wpcf7-text wpcf7-validates-as-tel\" aria-invalid=\"false\" placeholder=\"Telefon\" value=\"\" type=\"tel\" name=\"phone\" \/><\/span>\n\t\t\t<\/p>\n\t\t<\/div>\n\t<\/div>\n\t<div class=\"col-xs-12 col-sm-12 col-md-6 col-lg-6\">\n\t\t<div class=\"input-filled\">\n\t\t\t<p><span class=\"wpcf7-form-control-wrap\" data-name=\"email\"><input size=\"40\" maxlength=\"80\" class=\"wpcf7-form-control wpcf7-email wpcf7-text wpcf7-validates-as-email\" aria-invalid=\"false\" placeholder=\"Email*\" value=\"\" type=\"email\" name=\"email\" \/><\/span>\n\t\t\t<\/p>\n\t\t<\/div>\n\t<\/div>\n<\/div>\n<div class=\"row\">\n\t<div class=\"col-12\">\n\t\t<div class=\"input-filled\">\n\t\t\t<p><span class=\"wpcf7-form-control-wrap\" data-name=\"message\"><textarea cols=\"40\" rows=\"10\" maxlength=\"400\" class=\"wpcf7-form-control wpcf7-textarea\" aria-invalid=\"false\" placeholder=\"Nachricht*\" name=\"message\"><\/textarea><\/span>\n\t\t\t<\/p>\n\t\t<\/div>\n\t<\/div>\n\t<div class=\"col-12 text-center\">\n\t\t<p><span class=\"wpcf7-form-control-wrap\" data-name=\"cmplz-acceptance\"><span class=\"wpcf7-form-control wpcf7-acceptance\"><span class=\"wpcf7-list-item\"><label><input type=\"checkbox\" name=\"cmplz-acceptance\" value=\"1\" aria-invalid=\"false\" \/><span class=\"wpcf7-list-item-label\">*Um dieses Formular abzuschicken, m\u00fcssen Sie zustimmen\r\n\t  unserem\r\n\t  <a href=\"\/dichiarazione-sulla-privacy-ue\/\">Erkl\u00e4rung zum Datenschutz<\/a\r\n\t  ><\/span><\/label><\/span><\/span><\/span>\n\t\t<\/p>\n\t<\/div>\n\t<div class=\"col-12 text-center\">\n\t\t<p><span class=\"wpcf7-form-control-wrap\" data-name=\"marketing-checkbox\"><span class=\"wpcf7-form-control wpcf7-checkbox\"><span class=\"wpcf7-list-item first\"><input type=\"checkbox\" name=\"marketing-checkbox[]\" value=\"Ich bin damit einverstanden, dass ich weitere Mitteilungen von\" \/><span class=\"wpcf7-list-item-label\">Ich bin damit einverstanden, dass ich weitere Mitteilungen von<\/span><\/span><span class=\"wpcf7-list-item last\"><input type=\"checkbox\" name=\"marketing-checkbox[]\" value=\"Lemtec.\" \/><span class=\"wpcf7-list-item-label\">Lemtec.<\/span><\/span><\/span><\/span>\n\t\t<\/p>\n\t<\/div>\n<\/div>\n<div class=\"row\">\n\t<div class=\"col-12\">\n\t\t<p><div class=\"cf7-cf-turnstile\" style=\"margin-top: 0px; margin-bottom: -15px;\"> <div id=\"cf-turnstile-cf7-545814968\" class=\"cf-turnstile\" data-callback=\"turnstileCF7Callback\" data-sitekey=\"0x4AAAAAAAeTOcMCR3ttiCNV\" data-theme=\"light\" data-language=\"auto\" data-retry=\"auto\" data-retry-interval=\"1000\" data-action=\"contact-form-7\" data-appearance=\"always\"><\/div> <style>-cf7-545814968 { pointer-events: none; opacity: 0.5; }<\/style> <script>document.addEventListener(\"DOMContentLoaded\",(function(){var e=document.getElementById(\"cf-turnstile-cf7-545814968\");e&&turnstile.render(\"#cf-turnstile-cf7-545814968\",{sitekey:\"0x4AAAAAAAeTOcMCR3ttiCNV\"})}));<\/script> <br class=\"cf-turnstile-br cf-turnstile-br-cf7-545814968\"> <style>#cf-turnstile-cf7-545814968 { margin-left: -15px; }<\/style> <script>document.addEventListener(\"DOMContentLoaded\",function(){document.querySelectorAll('.wpcf7-form').forEach(function(e){e.addEventListener('submit',function(){if(document.getElementById('cf-turnstile-cf7-545814968')){setTimeout(function(){turnstile.render('#cf-turnstile-cf7-545814968');},4000)}})})});<\/script> <\/div><br\/><input class=\"wpcf7-form-control wpcf7-submit has-spinner\" type=\"submit\" value=\"Senden Sie\" \/>\n\t\t<\/p>\n\t<\/div>\n<\/div><div class=\"wpcf7-response-output\" aria-hidden=\"true\"><\/div>\n<\/form>\n<\/div>\n        <\/div>\n    <\/div>\n\t\t<\/div>\n\t\t\t\t<\/div>\n\t\t\t\t\t\t<\/div>\n\t\t\t<\/div>\n\t\t<\/div>\n\t\t\t\t<div class=\"elementor-column elementor-col-50 elementor-top-column elementor-element elementor-element-e22ff67\" data-id=\"e22ff67\" data-element_type=\"column\">\n\t\t\t<div class=\"elementor-column-wrap  elementor-element-populated\">\n\t\t\t\t\t<div class=\"elementor-widget-wrap\">\n\t\t\t\t<div class=\"elementor-element elementor-element-5e276822 kont-bor elementor-widget elementor-widget-heading\" data-id=\"5e276822\" data-element_type=\"widget\" data-widget_type=\"heading.default\">\n\t\t\t\t<div class=\"elementor-widget-container\">\n\t\t\t<p class=\"elementor-heading-title elementor-size-default\">LEM TEC SRL<\/p>\t\t<\/div>\n\t\t\t\t<\/div>\n\t\t\t\t<div class=\"elementor-element elementor-element-468046b3 elementor-widget elementor-widget-text-editor\" data-id=\"468046b3\" data-element_type=\"widget\" data-widget_type=\"text-editor.default\">\n\t\t\t\t<div class=\"elementor-widget-container\">\n\t\t\t\t\t\t\t\t<div class=\"elementor-text-editor elementor-clearfix\">\n\t\t\t\t<p>Viale dell\u2019 Agricoltura, 13-15<br \/>\n37046 Minerbe VR<\/p>\n<p>Telefon: <a href=\"tel:+39 0442 670248\" target=\"_blank\" rel=\"noopener\">+39 0442 670248<\/a><\/p>\n<p>Fax: +39 0442 647066<\/p>\n<p><a href=\"mailto:info@lemtec.it\"><img decoding=\"async\" class=\"emoji\" role=\"img\" draggable=\"false\" src=\"https:\/\/s.w.org\/images\/core\/emoji\/13.1.0\/svg\/2709.svg\" alt=\"\u2709\" \/> <span style=\"text-decoration: underline;\">Schreib uns eine E-Mail<\/span><\/a><\/p>\n\t\t\t\t\t<\/div>\n\t\t\t\t\t\t<\/div>\n\t\t\t\t<\/div>\n\t\t\t\t\t\t<\/div>\n\t\t\t<\/div>\n\t\t<\/div>\n\t\t\t\t\t\t<\/div>\n\t\t\t<\/div>\n\t\t<\/section>\n\t\t\t\t<section class=\"elementor-section elementor-top-section elementor-element elementor-element-621e23d2 elementor-section-stretched elementor-section-full_width stil-page-main elementor-section-height-min-height elementor-section-items-stretch elementor-section-content-middle elementor-section-height-default\" data-id=\"621e23d2\" data-element_type=\"section\" data-settings=\"{&quot;stretch_section&quot;:&quot;section-stretched&quot;}\">\n\t\t\t\t\t\t<div class=\"elementor-container elementor-column-gap-default \">\n\t\t\t\t<div class=\"elementor-row\">\n\t\t\t\t<div class=\"elementor-column elementor-col-100 elementor-top-column elementor-element elementor-element-20bf9e6c\" data-id=\"20bf9e6c\" data-element_type=\"column\" data-settings=\"{&quot;background_background&quot;:&quot;classic&quot;}\">\n\t\t\t<div class=\"elementor-column-wrap  elementor-element-populated\">\n\t\t\t\t\t<div class=\"elementor-widget-wrap\">\n\t\t\t\t<div class=\"elementor-element elementor-element-703e744f stile-page-banner elementor-widget elementor-widget-text-editor\" data-id=\"703e744f\" data-element_type=\"widget\" data-widget_type=\"text-editor.default\">\n\t\t\t\t<div class=\"elementor-widget-container\">\n\t\t\t\t\t\t\t\t<div class=\"elementor-text-editor elementor-clearfix\">\n\t\t\t\t<span style=\"font-size: 20px;\">WIR SIND F\u00dcR SIE DA<\/span>\r\n<h2 style=\"text-align: center; color: #fcd500;\"><strong>KONTAKTIERE UNS<\/strong><\/h2>\r\n<span style=\"color: #ffffff;\">Wenn Sie wissen wollen, welche L\u00f6sung f\u00fcr Ihren Produktionsprozess am besten geeignet ist,\r\nbewerten Sie eine LEM TEC 4.0 und eine CNC-Werkzeugmaschine und lernen Sie den LEM TEC Style kennen<\/span><span style=\"color: #ffffff; line-height: 30px;\">\u00a0ist unser Team bereit, Ihnen zu helfen.<\/span>\t\t\t\t\t<\/div>\n\t\t\t\t\t\t<\/div>\n\t\t\t\t<\/div>\n\t\t\t\t\t\t<\/div>\n\t\t\t<\/div>\n\t\t<\/div>\n\t\t\t\t\t\t<\/div>\n\t\t\t<\/div>\n\t\t<\/section>\n\t\t\t\t<section class=\"elementor-section elementor-top-section elementor-element elementor-element-5377cd04 elementor-section-stretched elementor-section-full_width elementor-section-height-default elementor-section-height-default\" data-id=\"5377cd04\" data-element_type=\"section\" id=\"first-row\" data-settings=\"{&quot;stretch_section&quot;:&quot;section-stretched&quot;}\">\n\t\t\t\t\t\t\t<div class=\"elementor-background-overlay\"><\/div>\n\t\t\t\t\t\t\t<div class=\"elementor-container elementor-column-gap-no \">\n\t\t\t\t<div class=\"elementor-row\">\n\t\t\t\t<div class=\"elementor-column elementor-col-100 elementor-top-column elementor-element elementor-element-72a5bef2\" data-id=\"72a5bef2\" data-element_type=\"column\">\n\t\t\t<div class=\"elementor-column-wrap  elementor-element-populated\">\n\t\t\t\t\t<div class=\"elementor-widget-wrap\">\n\t\t\t\t<div class=\"elementor-element elementor-element-fb3d92b elementor-widget elementor-widget-spacer\" data-id=\"fb3d92b\" data-element_type=\"widget\" data-widget_type=\"spacer.default\">\n\t\t\t\t<div class=\"elementor-widget-container\">\n\t\t\t\t\t<div class=\"elementor-spacer\">\n\t\t\t<div class=\"elementor-spacer-inner\"><\/div>\n\t\t<\/div>\n\t\t\t\t<\/div>\n\t\t\t\t<\/div>\n\t\t\t\t\t\t<\/div>\n\t\t\t<\/div>\n\t\t<\/div>\n\t\t\t\t\t\t<\/div>\n\t\t\t<\/div>\n\t\t<\/section>\n\t\t\t\t<section class=\"elementor-section elementor-top-section elementor-element elementor-element-321dc0fc elementor-section-stretched contac-sec elementor-section-boxed elementor-section-height-default elementor-section-height-default\" data-id=\"321dc0fc\" data-element_type=\"section\" data-settings=\"{&quot;stretch_section&quot;:&quot;section-stretched&quot;}\">\n\t\t\t\t\t\t<div class=\"elementor-container elementor-column-gap-default \">\n\t\t\t\t<div class=\"elementor-row\">\n\t\t\t\t<div class=\"elementor-column elementor-col-100 elementor-top-column elementor-element elementor-element-5902a9fe\" data-id=\"5902a9fe\" data-element_type=\"column\">\n\t\t\t<div class=\"elementor-column-wrap  elementor-element-populated\">\n\t\t\t\t\t<div class=\"elementor-widget-wrap\">\n\t\t\t\t<div class=\"elementor-element elementor-element-189847f2 elementor-widget elementor-widget-cms_heading\" data-id=\"189847f2\" data-element_type=\"widget\" data-widget_type=\"cms_heading.default\">\n\t\t\t\t<div class=\"elementor-widget-container\">\n\t\t\t<div class=\"cms-heading-wrapper cms-heading-layout1 \">\n    \n            <h2 class=\"custom-heading \">\n            <span >M\u00f6chtest du mehr Informationen erhalten?<\/span>\n        <\/h2>\n        \n            <div class=\"custom-heading-description\">F\u00fcr Anfragen zur Bewertung, Details zu den von uns angebotenen Maschinenl\u00f6sungen oder um mehr \u00fcber LEM TEC, unsere Arbeitsweise und das, was wir f\u00fcr dich tun k\u00f6nnen, zu erfahren, z\u00f6gere nicht, uns zu kontaktieren. Unsere Experten werden dir schnellstm\u00f6glich antworten!<\/div>\n        \n            <div class=\"heading-divider\">\n            <span class=\"heading-line1\"><\/span>\n            <span class=\"heading-line2\"><\/span>\n        <\/div>\n    <\/div>\t\t<\/div>\n\t\t\t\t<\/div>\n\t\t\t\t<div class=\"elementor-element elementor-element-62d6619 elementor-widget elementor-widget-google_maps\" data-id=\"62d6619\" data-element_type=\"widget\" data-widget_type=\"google_maps.default\">\n\t\t\t\t<div class=\"elementor-widget-container\">\n\t\t\t\t\t<div class=\"elementor-custom-embed\">\n\t\t\t<iframe loading=\"lazy\"\n\t\t\t\t\tsrc=\"https:\/\/maps.google.com\/maps?q=LEM%20TEC%20Srl&#038;t=m&#038;z=8&#038;output=embed&#038;iwloc=near\"\n\t\t\t\t\ttitle=\"LEM TEC Srl\"\n\t\t\t\t\taria-label=\"LEM TEC Srl\"\n\t\t\t><\/iframe>\n\t\t<\/div>\n\t\t\t\t<\/div>\n\t\t\t\t<\/div>\n\t\t\t\t\t\t<\/div>\n\t\t\t<\/div>\n\t\t<\/div>\n\t\t\t\t\t\t<\/div>\n\t\t\t<\/div>\n\t\t<\/section>\n\t\t\t\t\t\t\t\t\t<\/div>\n\t\t\t<\/div>\n\t\t\t\t\t<\/div>\n\t\t","protected":false},"excerpt":{"rendered":"<p>KONTAKTIERE UNS! Unsere Experten sind bereit, Ihre Bed\u00fcrfnisse anzuh\u00f6ren. *Per inviare questo modulo, devi accettare la nostra Dichiarazione sulla Privacy Accetto di ricevere altre comunicazioni da Lemtec. LEM TEC SRL Viale dell\u2019 Agricoltura, 13-15 37046 Minerbe VR Telefon: +39 0442 670248 Fax: +39 0442 647066 Schreib uns eine E-Mail WIR SIND F\u00dcR SIE DA KONTAKTIERE [&hellip;]<\/p>\n","protected":false},"author":1,"featured_media":0,"parent":0,"menu_order":0,"comment_status":"closed","ping_status":"closed","template":"elementor_header_footer","meta":{"footnotes":""},"class_list":["post-9045","page","type-page","status-publish","hentry"],"yoast_head":"<!-- This site is optimized with the Yoast SEO plugin v27.4 - https:\/\/yoast.com\/product\/yoast-seo-wordpress\/ -->\n<title>KONTAKTIERE UNS | LEM TEC Werkzeugmaschinen<\/title>\n<meta name=\"description\" content=\"Wenden Sie sich an uns, um die f\u00fcr Ihren Produktionsprozess am besten geeignete L\u00f6sung zu finden und die 4.0- und CNC-Maschine zu evaluieren, die Ihren Bed\u00fcrfnissen am besten entspricht. Entdecken Sie LEM TEC!\" \/>\n<meta name=\"robots\" content=\"index, follow, max-snippet:-1, max-image-preview:large, max-video-preview:-1\" \/>\n<link rel=\"canonical\" href=\"https:\/\/www.lemtec.it\/de\/kontakte\/\" \/>\n<meta property=\"og:locale\" content=\"de_DE\" \/>\n<meta property=\"og:type\" content=\"article\" \/>\n<meta property=\"og:title\" content=\"KONTAKTIERE UNS | LEM TEC Werkzeugmaschinen\" \/>\n<meta property=\"og:description\" content=\"Wenden Sie sich an uns, um die f\u00fcr Ihren Produktionsprozess am besten geeignete L\u00f6sung zu finden und die 4.0- und CNC-Maschine zu evaluieren, die Ihren Bed\u00fcrfnissen am besten entspricht. Entdecken Sie LEM TEC!\" \/>\n<meta property=\"og:url\" content=\"https:\/\/www.lemtec.it\/de\/kontakte\/\" \/>\n<meta property=\"og:site_name\" content=\"LEM TEC\" \/>\n<meta property=\"article:modified_time\" content=\"2024-09-19T12:55:27+00:00\" \/>\n<meta property=\"og:image\" content=\"https:\/\/s.w.org\/images\/core\/emoji\/13.1.0\/svg\/2709.svg\" \/>\n<meta name=\"twitter:card\" content=\"summary_large_image\" \/>\n<meta name=\"twitter:label1\" content=\"Gesch\u00e4tzte Lesezeit\" \/>\n\t<meta name=\"twitter:data1\" content=\"1\u00a0Minute\" \/>\n<script type=\"application\/ld+json\" class=\"yoast-schema-graph\">{\"@context\":\"https:\\\/\\\/schema.org\",\"@graph\":[{\"@type\":\"WebPage\",\"@id\":\"https:\\\/\\\/www.lemtec.it\\\/de\\\/kontakte\\\/\",\"url\":\"https:\\\/\\\/www.lemtec.it\\\/de\\\/kontakte\\\/\",\"name\":\"KONTAKTIERE UNS | LEM TEC Werkzeugmaschinen\",\"isPartOf\":{\"@id\":\"https:\\\/\\\/www.lemtec.it\\\/de\\\/#website\"},\"primaryImageOfPage\":{\"@id\":\"https:\\\/\\\/www.lemtec.it\\\/de\\\/kontakte\\\/#primaryimage\"},\"image\":{\"@id\":\"https:\\\/\\\/www.lemtec.it\\\/de\\\/kontakte\\\/#primaryimage\"},\"thumbnailUrl\":\"https:\\\/\\\/s.w.org\\\/images\\\/core\\\/emoji\\\/13.1.0\\\/svg\\\/2709.svg\",\"datePublished\":\"2024-09-12T08:14:43+00:00\",\"dateModified\":\"2024-09-19T12:55:27+00:00\",\"description\":\"Wenden Sie sich an uns, um die f\u00fcr Ihren Produktionsprozess am besten geeignete L\u00f6sung zu finden und die 4.0- und CNC-Maschine zu evaluieren, die Ihren Bed\u00fcrfnissen am besten entspricht. Entdecken Sie LEM TEC!\",\"breadcrumb\":{\"@id\":\"https:\\\/\\\/www.lemtec.it\\\/de\\\/kontakte\\\/#breadcrumb\"},\"inLanguage\":\"de\",\"potentialAction\":[{\"@type\":\"ReadAction\",\"target\":[\"https:\\\/\\\/www.lemtec.it\\\/de\\\/kontakte\\\/\"]}]},{\"@type\":\"ImageObject\",\"inLanguage\":\"de\",\"@id\":\"https:\\\/\\\/www.lemtec.it\\\/de\\\/kontakte\\\/#primaryimage\",\"url\":\"https:\\\/\\\/s.w.org\\\/images\\\/core\\\/emoji\\\/13.1.0\\\/svg\\\/2709.svg\",\"contentUrl\":\"https:\\\/\\\/s.w.org\\\/images\\\/core\\\/emoji\\\/13.1.0\\\/svg\\\/2709.svg\"},{\"@type\":\"BreadcrumbList\",\"@id\":\"https:\\\/\\\/www.lemtec.it\\\/de\\\/kontakte\\\/#breadcrumb\",\"itemListElement\":[{\"@type\":\"ListItem\",\"position\":1,\"name\":\"Home\",\"item\":\"https:\\\/\\\/www.lemtec.it\\\/de\\\/\"},{\"@type\":\"ListItem\",\"position\":2,\"name\":\"Kontakte\"}]},{\"@type\":\"WebSite\",\"@id\":\"https:\\\/\\\/www.lemtec.it\\\/de\\\/#website\",\"url\":\"https:\\\/\\\/www.lemtec.it\\\/de\\\/\",\"name\":\"LEM TEC\",\"description\":\"Costruttore di macchine utensili 4.0 e CNC\",\"publisher\":{\"@id\":\"https:\\\/\\\/www.lemtec.it\\\/de\\\/#organization\"},\"potentialAction\":[{\"@type\":\"SearchAction\",\"target\":{\"@type\":\"EntryPoint\",\"urlTemplate\":\"https:\\\/\\\/www.lemtec.it\\\/de\\\/?s={search_term_string}\"},\"query-input\":{\"@type\":\"PropertyValueSpecification\",\"valueRequired\":true,\"valueName\":\"search_term_string\"}}],\"inLanguage\":\"de\"},{\"@type\":\"Organization\",\"@id\":\"https:\\\/\\\/www.lemtec.it\\\/de\\\/#organization\",\"name\":\"LEM TEC SRL\",\"url\":\"https:\\\/\\\/www.lemtec.it\\\/de\\\/\",\"logo\":{\"@type\":\"ImageObject\",\"inLanguage\":\"de\",\"@id\":\"https:\\\/\\\/www.lemtec.it\\\/de\\\/#\\\/schema\\\/logo\\\/image\\\/\",\"url\":\"https:\\\/\\\/www.lemtec.it\\\/wp-content\\\/uploads\\\/2020\\\/07\\\/logo.png\",\"contentUrl\":\"https:\\\/\\\/www.lemtec.it\\\/wp-content\\\/uploads\\\/2020\\\/07\\\/logo.png\",\"width\":170,\"height\":64,\"caption\":\"LEM TEC SRL\"},\"image\":{\"@id\":\"https:\\\/\\\/www.lemtec.it\\\/de\\\/#\\\/schema\\\/logo\\\/image\\\/\"}}]}<\/script>\n<!-- \/ Yoast SEO plugin. -->","yoast_head_json":{"title":"KONTAKTIERE UNS | LEM TEC Werkzeugmaschinen","description":"Wenden Sie sich an uns, um die f\u00fcr Ihren Produktionsprozess am besten geeignete L\u00f6sung zu finden und die 4.0- und CNC-Maschine zu evaluieren, die Ihren Bed\u00fcrfnissen am besten entspricht. Entdecken Sie LEM TEC!","robots":{"index":"index","follow":"follow","max-snippet":"max-snippet:-1","max-image-preview":"max-image-preview:large","max-video-preview":"max-video-preview:-1"},"canonical":"https:\/\/www.lemtec.it\/de\/kontakte\/","og_locale":"de_DE","og_type":"article","og_title":"KONTAKTIERE UNS | LEM TEC Werkzeugmaschinen","og_description":"Wenden Sie sich an uns, um die f\u00fcr Ihren Produktionsprozess am besten geeignete L\u00f6sung zu finden und die 4.0- und CNC-Maschine zu evaluieren, die Ihren Bed\u00fcrfnissen am besten entspricht. Entdecken Sie LEM TEC!","og_url":"https:\/\/www.lemtec.it\/de\/kontakte\/","og_site_name":"LEM TEC","article_modified_time":"2024-09-19T12:55:27+00:00","og_image":[{"url":"https:\/\/s.w.org\/images\/core\/emoji\/13.1.0\/svg\/2709.svg","type":"","width":"","height":""}],"twitter_card":"summary_large_image","twitter_misc":{"Gesch\u00e4tzte Lesezeit":"1\u00a0Minute"},"schema":{"@context":"https:\/\/schema.org","@graph":[{"@type":"WebPage","@id":"https:\/\/www.lemtec.it\/de\/kontakte\/","url":"https:\/\/www.lemtec.it\/de\/kontakte\/","name":"KONTAKTIERE UNS | LEM TEC Werkzeugmaschinen","isPartOf":{"@id":"https:\/\/www.lemtec.it\/de\/#website"},"primaryImageOfPage":{"@id":"https:\/\/www.lemtec.it\/de\/kontakte\/#primaryimage"},"image":{"@id":"https:\/\/www.lemtec.it\/de\/kontakte\/#primaryimage"},"thumbnailUrl":"https:\/\/s.w.org\/images\/core\/emoji\/13.1.0\/svg\/2709.svg","datePublished":"2024-09-12T08:14:43+00:00","dateModified":"2024-09-19T12:55:27+00:00","description":"Wenden Sie sich an uns, um die f\u00fcr Ihren Produktionsprozess am besten geeignete L\u00f6sung zu finden und die 4.0- und CNC-Maschine zu evaluieren, die Ihren Bed\u00fcrfnissen am besten entspricht. Entdecken Sie LEM TEC!","breadcrumb":{"@id":"https:\/\/www.lemtec.it\/de\/kontakte\/#breadcrumb"},"inLanguage":"de","potentialAction":[{"@type":"ReadAction","target":["https:\/\/www.lemtec.it\/de\/kontakte\/"]}]},{"@type":"ImageObject","inLanguage":"de","@id":"https:\/\/www.lemtec.it\/de\/kontakte\/#primaryimage","url":"https:\/\/s.w.org\/images\/core\/emoji\/13.1.0\/svg\/2709.svg","contentUrl":"https:\/\/s.w.org\/images\/core\/emoji\/13.1.0\/svg\/2709.svg"},{"@type":"BreadcrumbList","@id":"https:\/\/www.lemtec.it\/de\/kontakte\/#breadcrumb","itemListElement":[{"@type":"ListItem","position":1,"name":"Home","item":"https:\/\/www.lemtec.it\/de\/"},{"@type":"ListItem","position":2,"name":"Kontakte"}]},{"@type":"WebSite","@id":"https:\/\/www.lemtec.it\/de\/#website","url":"https:\/\/www.lemtec.it\/de\/","name":"LEM TEC","description":"Costruttore di macchine utensili 4.0 e CNC","publisher":{"@id":"https:\/\/www.lemtec.it\/de\/#organization"},"potentialAction":[{"@type":"SearchAction","target":{"@type":"EntryPoint","urlTemplate":"https:\/\/www.lemtec.it\/de\/?s={search_term_string}"},"query-input":{"@type":"PropertyValueSpecification","valueRequired":true,"valueName":"search_term_string"}}],"inLanguage":"de"},{"@type":"Organization","@id":"https:\/\/www.lemtec.it\/de\/#organization","name":"LEM TEC SRL","url":"https:\/\/www.lemtec.it\/de\/","logo":{"@type":"ImageObject","inLanguage":"de","@id":"https:\/\/www.lemtec.it\/de\/#\/schema\/logo\/image\/","url":"https:\/\/www.lemtec.it\/wp-content\/uploads\/2020\/07\/logo.png","contentUrl":"https:\/\/www.lemtec.it\/wp-content\/uploads\/2020\/07\/logo.png","width":170,"height":64,"caption":"LEM TEC SRL"},"image":{"@id":"https:\/\/www.lemtec.it\/de\/#\/schema\/logo\/image\/"}}]}},"_links":{"self":[{"href":"https:\/\/www.lemtec.it\/de\/wp-json\/wp\/v2\/pages\/9045","targetHints":{"allow":["GET"]}}],"collection":[{"href":"https:\/\/www.lemtec.it\/de\/wp-json\/wp\/v2\/pages"}],"about":[{"href":"https:\/\/www.lemtec.it\/de\/wp-json\/wp\/v2\/types\/page"}],"author":[{"embeddable":true,"href":"https:\/\/www.lemtec.it\/de\/wp-json\/wp\/v2\/users\/1"}],"replies":[{"embeddable":true,"href":"https:\/\/www.lemtec.it\/de\/wp-json\/wp\/v2\/comments?post=9045"}],"version-history":[{"count":4,"href":"https:\/\/www.lemtec.it\/de\/wp-json\/wp\/v2\/pages\/9045\/revisions"}],"predecessor-version":[{"id":9304,"href":"https:\/\/www.lemtec.it\/de\/wp-json\/wp\/v2\/pages\/9045\/revisions\/9304"}],"wp:attachment":[{"href":"https:\/\/www.lemtec.it\/de\/wp-json\/wp\/v2\/media?parent=9045"}],"curies":[{"name":"wp","href":"https:\/\/api.w.org\/{rel}","templated":true}]}}