{"id":8884,"date":"2024-09-11T12:36:59","date_gmt":"2024-09-11T10:36:59","guid":{"rendered":"https:\/\/www.lemtec.it\/strang-schneiden\/"},"modified":"2024-09-19T14:59:35","modified_gmt":"2024-09-19T12:59:35","slug":"strang-schneiden","status":"publish","type":"page","link":"https:\/\/www.lemtec.it\/de\/strang-schneiden\/","title":{"rendered":"Strang schneiden"},"content":{"rendered":"\t\t<div data-elementor-type=\"wp-page\" data-elementor-id=\"8884\" class=\"elementor elementor-8884 elementor-3534\">\n\t\t\t\t\t\t<div class=\"elementor-inner\">\n\t\t\t\t<div class=\"elementor-section-wrap\">\n\t\t\t\t\t\t\t\t\t<section class=\"elementor-section elementor-top-section elementor-element elementor-element-f9071b8 elementor-section-boxed elementor-section-height-default elementor-section-height-default\" data-id=\"f9071b8\" data-element_type=\"section\">\n\t\t\t\t\t\t<div class=\"elementor-container elementor-column-gap-default \">\n\t\t\t\t<div class=\"elementor-row\">\n\t\t\t\t<div class=\"elementor-column elementor-col-100 elementor-top-column elementor-element elementor-element-31f7cc6\" data-id=\"31f7cc6\" data-element_type=\"column\">\n\t\t\t<div class=\"elementor-column-wrap  elementor-element-populated\">\n\t\t\t\t\t<div class=\"elementor-widget-wrap\">\n\t\t\t\t<div class=\"elementor-element elementor-element-041e8f8 elementor-widget elementor-widget-heading\" data-id=\"041e8f8\" data-element_type=\"widget\" data-widget_type=\"heading.default\">\n\t\t\t\t<div class=\"elementor-widget-container\">\n\t\t\t<h1 class=\"elementor-heading-title elementor-size-default\">DREHMASCHINE SMATEROISER<\/h1>\t\t<\/div>\n\t\t\t\t<\/div>\n\t\t\t\t\t\t<\/div>\n\t\t\t<\/div>\n\t\t<\/div>\n\t\t\t\t\t\t<\/div>\n\t\t\t<\/div>\n\t\t<\/section>\n\t\t\t\t<section class=\"elementor-section elementor-top-section elementor-element elementor-element-2283a93 elementor-section-boxed elementor-section-height-default elementor-section-height-default\" data-id=\"2283a93\" data-element_type=\"section\">\n\t\t\t\t\t\t<div class=\"elementor-container elementor-column-gap-default \">\n\t\t\t\t<div class=\"elementor-row\">\n\t\t\t\t<div class=\"elementor-column elementor-col-100 elementor-top-column elementor-element elementor-element-7a0e8cb\" data-id=\"7a0e8cb\" data-element_type=\"column\">\n\t\t\t<div class=\"elementor-column-wrap  elementor-element-populated\">\n\t\t\t\t\t<div class=\"elementor-widget-wrap\">\n\t\t\t\t<div class=\"elementor-element elementor-element-1d23948 elementor-widget elementor-widget-text-editor\" data-id=\"1d23948\" data-element_type=\"widget\" data-widget_type=\"text-editor.default\">\n\t\t\t\t<div class=\"elementor-widget-container\">\n\t\t\t\t\t\t\t\t<div class=\"elementor-text-editor elementor-clearfix\">\n\t\t\t\t<h3 style=\"text-align: center;\">Problembehebungskompetenz<\/h3>\n\t\t\t\t\t<\/div>\n\t\t\t\t\t\t<\/div>\n\t\t\t\t<\/div>\n\t\t\t\t<div class=\"elementor-element elementor-element-2b5c309 elementor-widget-divider--view-line elementor-widget elementor-widget-divider\" data-id=\"2b5c309\" data-element_type=\"widget\" data-widget_type=\"divider.default\">\n\t\t\t\t<div class=\"elementor-widget-container\">\n\t\t\t\t\t<div class=\"elementor-divider\">\n\t\t\t<span class=\"elementor-divider-separator\">\n\t\t\t\t\t\t<\/span>\n\t\t<\/div>\n\t\t\t\t<\/div>\n\t\t\t\t<\/div>\n\t\t\t\t\t\t<\/div>\n\t\t\t<\/div>\n\t\t<\/div>\n\t\t\t\t\t\t<\/div>\n\t\t\t<\/div>\n\t\t<\/section>\n\t\t\t\t<section class=\"elementor-section elementor-top-section elementor-element elementor-element-aedeb0a elementor-section-boxed elementor-section-height-default elementor-section-height-default\" data-id=\"aedeb0a\" data-element_type=\"section\">\n\t\t\t\t\t\t<div class=\"elementor-container elementor-column-gap-default \">\n\t\t\t\t<div class=\"elementor-row\">\n\t\t\t\t<div class=\"elementor-column elementor-col-100 elementor-top-column elementor-element elementor-element-8523167\" data-id=\"8523167\" data-element_type=\"column\">\n\t\t\t<div class=\"elementor-column-wrap  elementor-element-populated\">\n\t\t\t\t\t<div class=\"elementor-widget-wrap\">\n\t\t\t\t<div class=\"elementor-element elementor-element-bdfeb5f elementor-widget elementor-widget-text-editor\" data-id=\"bdfeb5f\" data-element_type=\"widget\" data-widget_type=\"text-editor.default\">\n\t\t\t\t<div class=\"elementor-widget-container\">\n\t\t\t\t\t\t\t\t<div class=\"elementor-text-editor elementor-clearfix\">\n\t\t\t\t<p><strong>PRODUKTIVIT\u00c4T UND MEHR<\/strong> Der LEM TEC Drehfr\u00e4ser f\u00fchrt nicht nur den Schnitt des Rohres aus. Dar\u00fcber hinaus kann er auch die Drehbearbeitung, das Entgraten des Motorengeh\u00e4uses vorne\/hinten und die Fase durchf\u00fchren \u2013 und das alles in nur 15 Sekunden. <\/p>\n<p><strong>VERMEIDUNG DER OVALISIERUNG DES MOTORGEH\u00c4USES<\/strong><br \/>Bei der Bearbeitung des Motorengeh\u00e4uses tritt oft ein Problem auf, das als Ovalisierung bekannt ist. LEM TEC hat dieses Problem gel\u00f6st, indem es die Werkst\u00fcckspannung verbessert hat. <\/p>\n<p><strong>SICHERHEIT.<\/strong> Um die Sicherheit des Bedieners zu erh\u00f6hen, wurde ein spezielles Schneidwerkzeug montiert, das die Ableitung des Rohrabfalls lenkt und so unangenehme \u00dcberraschungen vermeidet.<\/p>\n<p><strong>KOSTEN-EFFIZIENZ.<\/strong> Der neue LEM TEC Drehfr\u00e4ser ist kompakt, steif, pr\u00e4zise und wirtschaftlich vorteilhaft, ohne die Qualit\u00e4t und Pr\u00e4zision der erforderlichen Bearbeitungen zu beeintr\u00e4chtigen. <\/p>\n\t\t\t\t\t<\/div>\n\t\t\t\t\t\t<\/div>\n\t\t\t\t<\/div>\n\t\t\t\t\t\t<\/div>\n\t\t\t<\/div>\n\t\t<\/div>\n\t\t\t\t\t\t<\/div>\n\t\t\t<\/div>\n\t\t<\/section>\n\t\t\t\t\t\t\t\t\t<\/div>\n\t\t\t<\/div>\n\t\t\t\t\t<\/div>\n\t\t","protected":false},"excerpt":{"rendered":"<p>DREHMASCHINE SMATEROISER Problembehebungskompetenz PRODUKTIVIT\u00c4T UND MEHR Der LEM TEC Drehfr\u00e4ser f\u00fchrt nicht nur den Schnitt des Rohres aus. Dar\u00fcber hinaus kann er auch die Drehbearbeitung, das Entgraten des Motorengeh\u00e4uses vorne\/hinten und die Fase durchf\u00fchren \u2013 und das alles in nur 15 Sekunden. VERMEIDUNG DER OVALISIERUNG DES MOTORGEH\u00c4USESBei der Bearbeitung des Motorengeh\u00e4uses tritt oft ein Problem [&hellip;]<\/p>\n","protected":false},"author":1,"featured_media":0,"parent":0,"menu_order":0,"comment_status":"closed","ping_status":"closed","template":"elementor_header_footer","meta":{"footnotes":""},"class_list":["post-8884","page","type-page","status-publish","hentry"],"yoast_head":"<!-- This site is optimized with the Yoast SEO plugin v27.4 - https:\/\/yoast.com\/product\/yoast-seo-wordpress\/ -->\n<title>Angussschneiden &lt; LEM TEC<\/title>\n<meta name=\"description\" content=\"Drehmaschine zum sicheren Angussschneiden, Drehen, Entgraten in 15 Sekunden. Vermeidet Ovalit\u00e4t durch verbesserte Werkst\u00fcckspannung.\" \/>\n<meta name=\"robots\" content=\"index, follow, max-snippet:-1, max-image-preview:large, max-video-preview:-1\" \/>\n<link rel=\"canonical\" href=\"https:\/\/www.lemtec.it\/de\/strang-schneiden\/\" \/>\n<meta property=\"og:locale\" content=\"de_DE\" \/>\n<meta property=\"og:type\" content=\"article\" \/>\n<meta property=\"og:title\" content=\"Angussschneiden &lt; LEM TEC\" \/>\n<meta property=\"og:description\" content=\"Drehmaschine zum sicheren Angussschneiden, Drehen, Entgraten in 15 Sekunden. Vermeidet Ovalit\u00e4t durch verbesserte Werkst\u00fcckspannung.\" \/>\n<meta property=\"og:url\" content=\"https:\/\/www.lemtec.it\/de\/strang-schneiden\/\" \/>\n<meta property=\"og:site_name\" content=\"LEM TEC\" \/>\n<meta property=\"article:modified_time\" content=\"2024-09-19T12:59:35+00:00\" \/>\n<meta name=\"twitter:card\" content=\"summary_large_image\" \/>\n<meta name=\"twitter:label1\" content=\"Gesch\u00e4tzte Lesezeit\" \/>\n\t<meta name=\"twitter:data1\" content=\"1\u00a0Minute\" \/>\n<script type=\"application\/ld+json\" class=\"yoast-schema-graph\">{\"@context\":\"https:\\\/\\\/schema.org\",\"@graph\":[{\"@type\":\"WebPage\",\"@id\":\"https:\\\/\\\/www.lemtec.it\\\/de\\\/strang-schneiden\\\/\",\"url\":\"https:\\\/\\\/www.lemtec.it\\\/de\\\/strang-schneiden\\\/\",\"name\":\"Angussschneiden &lt; LEM TEC\",\"isPartOf\":{\"@id\":\"https:\\\/\\\/www.lemtec.it\\\/de\\\/#website\"},\"datePublished\":\"2024-09-11T10:36:59+00:00\",\"dateModified\":\"2024-09-19T12:59:35+00:00\",\"description\":\"Drehmaschine zum sicheren Angussschneiden, Drehen, Entgraten in 15 Sekunden. Vermeidet Ovalit\u00e4t durch verbesserte Werkst\u00fcckspannung.\",\"breadcrumb\":{\"@id\":\"https:\\\/\\\/www.lemtec.it\\\/de\\\/strang-schneiden\\\/#breadcrumb\"},\"inLanguage\":\"de\",\"potentialAction\":[{\"@type\":\"ReadAction\",\"target\":[\"https:\\\/\\\/www.lemtec.it\\\/de\\\/strang-schneiden\\\/\"]}]},{\"@type\":\"BreadcrumbList\",\"@id\":\"https:\\\/\\\/www.lemtec.it\\\/de\\\/strang-schneiden\\\/#breadcrumb\",\"itemListElement\":[{\"@type\":\"ListItem\",\"position\":1,\"name\":\"Home\",\"item\":\"https:\\\/\\\/www.lemtec.it\\\/de\\\/\"},{\"@type\":\"ListItem\",\"position\":2,\"name\":\"Strang schneiden\"}]},{\"@type\":\"WebSite\",\"@id\":\"https:\\\/\\\/www.lemtec.it\\\/de\\\/#website\",\"url\":\"https:\\\/\\\/www.lemtec.it\\\/de\\\/\",\"name\":\"LEM TEC\",\"description\":\"Costruttore di macchine utensili 4.0 e CNC\",\"publisher\":{\"@id\":\"https:\\\/\\\/www.lemtec.it\\\/de\\\/#organization\"},\"potentialAction\":[{\"@type\":\"SearchAction\",\"target\":{\"@type\":\"EntryPoint\",\"urlTemplate\":\"https:\\\/\\\/www.lemtec.it\\\/de\\\/?s={search_term_string}\"},\"query-input\":{\"@type\":\"PropertyValueSpecification\",\"valueRequired\":true,\"valueName\":\"search_term_string\"}}],\"inLanguage\":\"de\"},{\"@type\":\"Organization\",\"@id\":\"https:\\\/\\\/www.lemtec.it\\\/de\\\/#organization\",\"name\":\"LEM TEC SRL\",\"url\":\"https:\\\/\\\/www.lemtec.it\\\/de\\\/\",\"logo\":{\"@type\":\"ImageObject\",\"inLanguage\":\"de\",\"@id\":\"https:\\\/\\\/www.lemtec.it\\\/de\\\/#\\\/schema\\\/logo\\\/image\\\/\",\"url\":\"https:\\\/\\\/www.lemtec.it\\\/wp-content\\\/uploads\\\/2020\\\/07\\\/logo.png\",\"contentUrl\":\"https:\\\/\\\/www.lemtec.it\\\/wp-content\\\/uploads\\\/2020\\\/07\\\/logo.png\",\"width\":170,\"height\":64,\"caption\":\"LEM TEC SRL\"},\"image\":{\"@id\":\"https:\\\/\\\/www.lemtec.it\\\/de\\\/#\\\/schema\\\/logo\\\/image\\\/\"}}]}<\/script>\n<!-- \/ Yoast SEO plugin. -->","yoast_head_json":{"title":"Angussschneiden &lt; LEM TEC","description":"Drehmaschine zum sicheren Angussschneiden, Drehen, Entgraten in 15 Sekunden. Vermeidet Ovalit\u00e4t durch verbesserte Werkst\u00fcckspannung.","robots":{"index":"index","follow":"follow","max-snippet":"max-snippet:-1","max-image-preview":"max-image-preview:large","max-video-preview":"max-video-preview:-1"},"canonical":"https:\/\/www.lemtec.it\/de\/strang-schneiden\/","og_locale":"de_DE","og_type":"article","og_title":"Angussschneiden &lt; LEM TEC","og_description":"Drehmaschine zum sicheren Angussschneiden, Drehen, Entgraten in 15 Sekunden. Vermeidet Ovalit\u00e4t durch verbesserte Werkst\u00fcckspannung.","og_url":"https:\/\/www.lemtec.it\/de\/strang-schneiden\/","og_site_name":"LEM TEC","article_modified_time":"2024-09-19T12:59:35+00:00","twitter_card":"summary_large_image","twitter_misc":{"Gesch\u00e4tzte Lesezeit":"1\u00a0Minute"},"schema":{"@context":"https:\/\/schema.org","@graph":[{"@type":"WebPage","@id":"https:\/\/www.lemtec.it\/de\/strang-schneiden\/","url":"https:\/\/www.lemtec.it\/de\/strang-schneiden\/","name":"Angussschneiden &lt; LEM TEC","isPartOf":{"@id":"https:\/\/www.lemtec.it\/de\/#website"},"datePublished":"2024-09-11T10:36:59+00:00","dateModified":"2024-09-19T12:59:35+00:00","description":"Drehmaschine zum sicheren Angussschneiden, Drehen, Entgraten in 15 Sekunden. Vermeidet Ovalit\u00e4t durch verbesserte Werkst\u00fcckspannung.","breadcrumb":{"@id":"https:\/\/www.lemtec.it\/de\/strang-schneiden\/#breadcrumb"},"inLanguage":"de","potentialAction":[{"@type":"ReadAction","target":["https:\/\/www.lemtec.it\/de\/strang-schneiden\/"]}]},{"@type":"BreadcrumbList","@id":"https:\/\/www.lemtec.it\/de\/strang-schneiden\/#breadcrumb","itemListElement":[{"@type":"ListItem","position":1,"name":"Home","item":"https:\/\/www.lemtec.it\/de\/"},{"@type":"ListItem","position":2,"name":"Strang schneiden"}]},{"@type":"WebSite","@id":"https:\/\/www.lemtec.it\/de\/#website","url":"https:\/\/www.lemtec.it\/de\/","name":"LEM TEC","description":"Costruttore di macchine utensili 4.0 e CNC","publisher":{"@id":"https:\/\/www.lemtec.it\/de\/#organization"},"potentialAction":[{"@type":"SearchAction","target":{"@type":"EntryPoint","urlTemplate":"https:\/\/www.lemtec.it\/de\/?s={search_term_string}"},"query-input":{"@type":"PropertyValueSpecification","valueRequired":true,"valueName":"search_term_string"}}],"inLanguage":"de"},{"@type":"Organization","@id":"https:\/\/www.lemtec.it\/de\/#organization","name":"LEM TEC SRL","url":"https:\/\/www.lemtec.it\/de\/","logo":{"@type":"ImageObject","inLanguage":"de","@id":"https:\/\/www.lemtec.it\/de\/#\/schema\/logo\/image\/","url":"https:\/\/www.lemtec.it\/wp-content\/uploads\/2020\/07\/logo.png","contentUrl":"https:\/\/www.lemtec.it\/wp-content\/uploads\/2020\/07\/logo.png","width":170,"height":64,"caption":"LEM TEC SRL"},"image":{"@id":"https:\/\/www.lemtec.it\/de\/#\/schema\/logo\/image\/"}}]}},"_links":{"self":[{"href":"https:\/\/www.lemtec.it\/de\/wp-json\/wp\/v2\/pages\/8884","targetHints":{"allow":["GET"]}}],"collection":[{"href":"https:\/\/www.lemtec.it\/de\/wp-json\/wp\/v2\/pages"}],"about":[{"href":"https:\/\/www.lemtec.it\/de\/wp-json\/wp\/v2\/types\/page"}],"author":[{"embeddable":true,"href":"https:\/\/www.lemtec.it\/de\/wp-json\/wp\/v2\/users\/1"}],"replies":[{"embeddable":true,"href":"https:\/\/www.lemtec.it\/de\/wp-json\/wp\/v2\/comments?post=8884"}],"version-history":[{"count":1,"href":"https:\/\/www.lemtec.it\/de\/wp-json\/wp\/v2\/pages\/8884\/revisions"}],"predecessor-version":[{"id":8885,"href":"https:\/\/www.lemtec.it\/de\/wp-json\/wp\/v2\/pages\/8884\/revisions\/8885"}],"wp:attachment":[{"href":"https:\/\/www.lemtec.it\/de\/wp-json\/wp\/v2\/media?parent=8884"}],"curies":[{"name":"wp","href":"https:\/\/api.w.org\/{rel}","templated":true}]}}