{"id":8874,"date":"2024-09-11T11:10:02","date_gmt":"2024-09-11T09:10:02","guid":{"rendered":"https:\/\/www.lemtec.it\/pragen\/"},"modified":"2024-09-19T15:05:07","modified_gmt":"2024-09-19T13:05:07","slug":"pragen","status":"publish","type":"page","link":"https:\/\/www.lemtec.it\/de\/pragen\/","title":{"rendered":"Pr\u00e4gen"},"content":{"rendered":"\t\t<div data-elementor-type=\"wp-page\" data-elementor-id=\"8874\" class=\"elementor elementor-8874 elementor-3769\">\n\t\t\t\t\t\t<div class=\"elementor-inner\">\n\t\t\t\t<div class=\"elementor-section-wrap\">\n\t\t\t\t\t\t\t\t\t<section class=\"elementor-section elementor-top-section elementor-element elementor-element-f9071b8 elementor-section-boxed elementor-section-height-default elementor-section-height-default\" data-id=\"f9071b8\" data-element_type=\"section\">\n\t\t\t\t\t\t<div class=\"elementor-container elementor-column-gap-default \">\n\t\t\t\t<div class=\"elementor-row\">\n\t\t\t\t<div class=\"elementor-column elementor-col-100 elementor-top-column elementor-element elementor-element-31f7cc6\" data-id=\"31f7cc6\" data-element_type=\"column\">\n\t\t\t<div class=\"elementor-column-wrap  elementor-element-populated\">\n\t\t\t\t\t<div class=\"elementor-widget-wrap\">\n\t\t\t\t<div class=\"elementor-element elementor-element-041e8f8 elementor-widget elementor-widget-heading\" data-id=\"041e8f8\" data-element_type=\"widget\" data-widget_type=\"heading.default\">\n\t\t\t\t<div class=\"elementor-widget-container\">\n\t\t\t<h1 class=\"elementor-heading-title elementor-size-default\">PR\u00c4GEN<\/h1>\t\t<\/div>\n\t\t\t\t<\/div>\n\t\t\t\t\t\t<\/div>\n\t\t\t<\/div>\n\t\t<\/div>\n\t\t\t\t\t\t<\/div>\n\t\t\t<\/div>\n\t\t<\/section>\n\t\t\t\t<section class=\"elementor-section elementor-top-section elementor-element elementor-element-3c80fe3 elementor-section-boxed elementor-section-height-default elementor-section-height-default\" data-id=\"3c80fe3\" data-element_type=\"section\">\n\t\t\t\t\t\t<div class=\"elementor-container elementor-column-gap-default \">\n\t\t\t\t<div class=\"elementor-row\">\n\t\t\t\t<div class=\"elementor-column elementor-col-100 elementor-top-column elementor-element elementor-element-e854aab\" data-id=\"e854aab\" data-element_type=\"column\">\n\t\t\t<div class=\"elementor-column-wrap  elementor-element-populated\">\n\t\t\t\t\t<div class=\"elementor-widget-wrap\">\n\t\t\t\t<div class=\"elementor-element elementor-element-c0c1922 elementor-widget elementor-widget-text-editor\" data-id=\"c0c1922\" data-element_type=\"widget\" data-widget_type=\"text-editor.default\">\n\t\t\t\t<div class=\"elementor-widget-container\">\n\t\t\t\t\t\t\t\t<div class=\"elementor-text-editor elementor-clearfix\">\n\t\t\t\t<h3 style=\"text-align: center;\">Spezialmaschinen<\/h3>\n\t\t\t\t\t<\/div>\n\t\t\t\t\t\t<\/div>\n\t\t\t\t<\/div>\n\t\t\t\t<div class=\"elementor-element elementor-element-df83b31 elementor-widget-divider--view-line elementor-widget elementor-widget-divider\" data-id=\"df83b31\" data-element_type=\"widget\" data-widget_type=\"divider.default\">\n\t\t\t\t<div class=\"elementor-widget-container\">\n\t\t\t\t\t<div class=\"elementor-divider\">\n\t\t\t<span class=\"elementor-divider-separator\">\n\t\t\t\t\t\t<\/span>\n\t\t<\/div>\n\t\t\t\t<\/div>\n\t\t\t\t<\/div>\n\t\t\t\t\t\t<\/div>\n\t\t\t<\/div>\n\t\t<\/div>\n\t\t\t\t\t\t<\/div>\n\t\t\t<\/div>\n\t\t<\/section>\n\t\t\t\t<section class=\"elementor-section elementor-top-section elementor-element elementor-element-aedeb0a elementor-section-boxed elementor-section-height-default elementor-section-height-default\" data-id=\"aedeb0a\" data-element_type=\"section\">\n\t\t\t\t\t\t<div class=\"elementor-container elementor-column-gap-default \">\n\t\t\t\t<div class=\"elementor-row\">\n\t\t\t\t<div class=\"elementor-column elementor-col-100 elementor-top-column elementor-element elementor-element-8523167\" data-id=\"8523167\" data-element_type=\"column\">\n\t\t\t<div class=\"elementor-column-wrap  elementor-element-populated\">\n\t\t\t\t\t<div class=\"elementor-widget-wrap\">\n\t\t\t\t<div class=\"elementor-element elementor-element-bdfeb5f elementor-widget elementor-widget-text-editor\" data-id=\"bdfeb5f\" data-element_type=\"widget\" data-widget_type=\"text-editor.default\">\n\t\t\t\t<div class=\"elementor-widget-container\">\n\t\t\t\t\t\t\t\t<div class=\"elementor-text-editor elementor-clearfix\">\n\t\t\t\t<p><strong>\u00dcBERPR\u00dcFUNG.<\/strong> Es wurde eine \u00dcberholung einer Maschine angefordert, die komplette Motork\u00f6rper mit Stator bearbeitete. Die Maschine stellte die K\u00f6pfe bez\u00fcglich des inneren Durchmessers des Stators zentriert. Eine wichtige Kalibrierung des Arbeitsbereichs war ebenfalls erforderlich.  <\/p>\n<p><span style=\"color: inherit; font-family: inherit; letter-spacing: 0px;\"><b>SPEZIFISCHE ANFORDERUNG.<\/b><\/span><span style=\"color: inherit; font-family: inherit; font-weight: inherit; letter-spacing: 0px;\"> Der Kunde w\u00fcnschte sich, an den Enden von Kohlefaserstangen mit Durchmessern von 5 bis 20 mm ein pr\u00e4zises Profil zu erstellen.<\/span><\/p>\n<p><strong>L\u00d6SUNG.<\/strong> Die urspr\u00fcngliche Idee war, ein geformtes Werkzeug zu verwenden. Nach Analyse des bestehenden Systems entschieden wir uns jedoch, eine diamantbeschichtete Formscheibe zu verwenden.<\/p>\n<p><strong>BESONDERHEITEN BEIM LADERAUM<\/strong>. Ein Selektor entnimmt ein einzelnes Werkst\u00fcck aus einem Trichter, in dem 400 St\u00fccke gelagert sind.<\/p>\n\t\t\t\t\t<\/div>\n\t\t\t\t\t\t<\/div>\n\t\t\t\t<\/div>\n\t\t\t\t\t\t<\/div>\n\t\t\t<\/div>\n\t\t<\/div>\n\t\t\t\t\t\t<\/div>\n\t\t\t<\/div>\n\t\t<\/section>\n\t\t\t\t\t\t\t\t\t<\/div>\n\t\t\t<\/div>\n\t\t\t\t\t<\/div>\n\t\t","protected":false},"excerpt":{"rendered":"<p>PR\u00c4GEN Spezialmaschinen \u00dcBERPR\u00dcFUNG. Es wurde eine \u00dcberholung einer Maschine angefordert, die komplette Motork\u00f6rper mit Stator bearbeitete. Die Maschine stellte die K\u00f6pfe bez\u00fcglich des inneren Durchmessers des Stators zentriert. Eine wichtige Kalibrierung des Arbeitsbereichs war ebenfalls erforderlich. SPEZIFISCHE ANFORDERUNG. Der Kunde w\u00fcnschte sich, an den Enden von Kohlefaserstangen mit Durchmessern von 5 bis 20 mm ein [&hellip;]<\/p>\n","protected":false},"author":1,"featured_media":8853,"parent":0,"menu_order":0,"comment_status":"closed","ping_status":"closed","template":"elementor_header_footer","meta":{"footnotes":""},"class_list":["post-8874","page","type-page","status-publish","has-post-thumbnail","hentry"],"yoast_head":"<!-- This site is optimized with the Yoast SEO plugin v27.4 - https:\/\/yoast.com\/product\/yoast-seo-wordpress\/ -->\n<title>Pr\u00e4gen &lt; LEM TEC<\/title>\n<meta name=\"description\" content=\"\u00dcberarbeitung der Kopfmaschine. Implementierte Verbesserung. Geformte Diamantscheibe verwendet. Besondere Belastung des Werkst\u00fccks\" \/>\n<meta name=\"robots\" content=\"index, follow, max-snippet:-1, max-image-preview:large, max-video-preview:-1\" \/>\n<link rel=\"canonical\" href=\"https:\/\/www.lemtec.it\/de\/pragen\/\" \/>\n<meta property=\"og:locale\" content=\"de_DE\" \/>\n<meta property=\"og:type\" content=\"article\" \/>\n<meta property=\"og:title\" content=\"Pr\u00e4gen &lt; LEM TEC\" \/>\n<meta property=\"og:description\" content=\"\u00dcberarbeitung der Kopfmaschine. Implementierte Verbesserung. Geformte Diamantscheibe verwendet. Besondere Belastung des Werkst\u00fccks\" \/>\n<meta property=\"og:url\" content=\"https:\/\/www.lemtec.it\/de\/pragen\/\" \/>\n<meta property=\"og:site_name\" content=\"LEM TEC\" \/>\n<meta property=\"article:modified_time\" content=\"2024-09-19T13:05:07+00:00\" \/>\n<meta property=\"og:image\" content=\"https:\/\/www.lemtec.it\/wp-content\/uploads\/2021\/02\/Chiaro_Azienda-1024x618.png\" \/>\n\t<meta property=\"og:image:width\" content=\"1024\" \/>\n\t<meta property=\"og:image:height\" content=\"618\" \/>\n\t<meta property=\"og:image:type\" content=\"image\/png\" \/>\n<meta name=\"twitter:card\" content=\"summary_large_image\" \/>\n<meta name=\"twitter:label1\" content=\"Gesch\u00e4tzte Lesezeit\" \/>\n\t<meta name=\"twitter:data1\" content=\"1\u00a0Minute\" \/>\n<script type=\"application\/ld+json\" class=\"yoast-schema-graph\">{\"@context\":\"https:\\\/\\\/schema.org\",\"@graph\":[{\"@type\":\"WebPage\",\"@id\":\"https:\\\/\\\/www.lemtec.it\\\/de\\\/pragen\\\/\",\"url\":\"https:\\\/\\\/www.lemtec.it\\\/de\\\/pragen\\\/\",\"name\":\"Pr\u00e4gen &lt; LEM TEC\",\"isPartOf\":{\"@id\":\"https:\\\/\\\/www.lemtec.it\\\/de\\\/#website\"},\"primaryImageOfPage\":{\"@id\":\"https:\\\/\\\/www.lemtec.it\\\/de\\\/pragen\\\/#primaryimage\"},\"image\":{\"@id\":\"https:\\\/\\\/www.lemtec.it\\\/de\\\/pragen\\\/#primaryimage\"},\"thumbnailUrl\":\"https:\\\/\\\/www.lemtec.it\\\/wp-content\\\/uploads\\\/2021\\\/02\\\/Chiaro_Azienda.png\",\"datePublished\":\"2024-09-11T09:10:02+00:00\",\"dateModified\":\"2024-09-19T13:05:07+00:00\",\"description\":\"\u00dcberarbeitung der Kopfmaschine. Implementierte Verbesserung. Geformte Diamantscheibe verwendet. Besondere Belastung des Werkst\u00fccks\",\"breadcrumb\":{\"@id\":\"https:\\\/\\\/www.lemtec.it\\\/de\\\/pragen\\\/#breadcrumb\"},\"inLanguage\":\"de\",\"potentialAction\":[{\"@type\":\"ReadAction\",\"target\":[\"https:\\\/\\\/www.lemtec.it\\\/de\\\/pragen\\\/\"]}]},{\"@type\":\"ImageObject\",\"inLanguage\":\"de\",\"@id\":\"https:\\\/\\\/www.lemtec.it\\\/de\\\/pragen\\\/#primaryimage\",\"url\":\"https:\\\/\\\/www.lemtec.it\\\/wp-content\\\/uploads\\\/2021\\\/02\\\/Chiaro_Azienda.png\",\"contentUrl\":\"https:\\\/\\\/www.lemtec.it\\\/wp-content\\\/uploads\\\/2021\\\/02\\\/Chiaro_Azienda.png\",\"width\":3393,\"height\":2049},{\"@type\":\"BreadcrumbList\",\"@id\":\"https:\\\/\\\/www.lemtec.it\\\/de\\\/pragen\\\/#breadcrumb\",\"itemListElement\":[{\"@type\":\"ListItem\",\"position\":1,\"name\":\"Home\",\"item\":\"https:\\\/\\\/www.lemtec.it\\\/de\\\/\"},{\"@type\":\"ListItem\",\"position\":2,\"name\":\"Pr\u00e4gen\"}]},{\"@type\":\"WebSite\",\"@id\":\"https:\\\/\\\/www.lemtec.it\\\/de\\\/#website\",\"url\":\"https:\\\/\\\/www.lemtec.it\\\/de\\\/\",\"name\":\"LEM TEC\",\"description\":\"Costruttore di macchine utensili 4.0 e CNC\",\"publisher\":{\"@id\":\"https:\\\/\\\/www.lemtec.it\\\/de\\\/#organization\"},\"potentialAction\":[{\"@type\":\"SearchAction\",\"target\":{\"@type\":\"EntryPoint\",\"urlTemplate\":\"https:\\\/\\\/www.lemtec.it\\\/de\\\/?s={search_term_string}\"},\"query-input\":{\"@type\":\"PropertyValueSpecification\",\"valueRequired\":true,\"valueName\":\"search_term_string\"}}],\"inLanguage\":\"de\"},{\"@type\":\"Organization\",\"@id\":\"https:\\\/\\\/www.lemtec.it\\\/de\\\/#organization\",\"name\":\"LEM TEC SRL\",\"url\":\"https:\\\/\\\/www.lemtec.it\\\/de\\\/\",\"logo\":{\"@type\":\"ImageObject\",\"inLanguage\":\"de\",\"@id\":\"https:\\\/\\\/www.lemtec.it\\\/de\\\/#\\\/schema\\\/logo\\\/image\\\/\",\"url\":\"https:\\\/\\\/www.lemtec.it\\\/wp-content\\\/uploads\\\/2020\\\/07\\\/logo.png\",\"contentUrl\":\"https:\\\/\\\/www.lemtec.it\\\/wp-content\\\/uploads\\\/2020\\\/07\\\/logo.png\",\"width\":170,\"height\":64,\"caption\":\"LEM TEC SRL\"},\"image\":{\"@id\":\"https:\\\/\\\/www.lemtec.it\\\/de\\\/#\\\/schema\\\/logo\\\/image\\\/\"}}]}<\/script>\n<!-- \/ Yoast SEO plugin. -->","yoast_head_json":{"title":"Pr\u00e4gen &lt; LEM TEC","description":"\u00dcberarbeitung der Kopfmaschine. Implementierte Verbesserung. Geformte Diamantscheibe verwendet. Besondere Belastung des Werkst\u00fccks","robots":{"index":"index","follow":"follow","max-snippet":"max-snippet:-1","max-image-preview":"max-image-preview:large","max-video-preview":"max-video-preview:-1"},"canonical":"https:\/\/www.lemtec.it\/de\/pragen\/","og_locale":"de_DE","og_type":"article","og_title":"Pr\u00e4gen &lt; LEM TEC","og_description":"\u00dcberarbeitung der Kopfmaschine. Implementierte Verbesserung. Geformte Diamantscheibe verwendet. Besondere Belastung des Werkst\u00fccks","og_url":"https:\/\/www.lemtec.it\/de\/pragen\/","og_site_name":"LEM TEC","article_modified_time":"2024-09-19T13:05:07+00:00","og_image":[{"width":1024,"height":618,"url":"https:\/\/www.lemtec.it\/wp-content\/uploads\/2021\/02\/Chiaro_Azienda-1024x618.png","type":"image\/png"}],"twitter_card":"summary_large_image","twitter_misc":{"Gesch\u00e4tzte Lesezeit":"1\u00a0Minute"},"schema":{"@context":"https:\/\/schema.org","@graph":[{"@type":"WebPage","@id":"https:\/\/www.lemtec.it\/de\/pragen\/","url":"https:\/\/www.lemtec.it\/de\/pragen\/","name":"Pr\u00e4gen &lt; LEM TEC","isPartOf":{"@id":"https:\/\/www.lemtec.it\/de\/#website"},"primaryImageOfPage":{"@id":"https:\/\/www.lemtec.it\/de\/pragen\/#primaryimage"},"image":{"@id":"https:\/\/www.lemtec.it\/de\/pragen\/#primaryimage"},"thumbnailUrl":"https:\/\/www.lemtec.it\/wp-content\/uploads\/2021\/02\/Chiaro_Azienda.png","datePublished":"2024-09-11T09:10:02+00:00","dateModified":"2024-09-19T13:05:07+00:00","description":"\u00dcberarbeitung der Kopfmaschine. Implementierte Verbesserung. Geformte Diamantscheibe verwendet. Besondere Belastung des Werkst\u00fccks","breadcrumb":{"@id":"https:\/\/www.lemtec.it\/de\/pragen\/#breadcrumb"},"inLanguage":"de","potentialAction":[{"@type":"ReadAction","target":["https:\/\/www.lemtec.it\/de\/pragen\/"]}]},{"@type":"ImageObject","inLanguage":"de","@id":"https:\/\/www.lemtec.it\/de\/pragen\/#primaryimage","url":"https:\/\/www.lemtec.it\/wp-content\/uploads\/2021\/02\/Chiaro_Azienda.png","contentUrl":"https:\/\/www.lemtec.it\/wp-content\/uploads\/2021\/02\/Chiaro_Azienda.png","width":3393,"height":2049},{"@type":"BreadcrumbList","@id":"https:\/\/www.lemtec.it\/de\/pragen\/#breadcrumb","itemListElement":[{"@type":"ListItem","position":1,"name":"Home","item":"https:\/\/www.lemtec.it\/de\/"},{"@type":"ListItem","position":2,"name":"Pr\u00e4gen"}]},{"@type":"WebSite","@id":"https:\/\/www.lemtec.it\/de\/#website","url":"https:\/\/www.lemtec.it\/de\/","name":"LEM TEC","description":"Costruttore di macchine utensili 4.0 e CNC","publisher":{"@id":"https:\/\/www.lemtec.it\/de\/#organization"},"potentialAction":[{"@type":"SearchAction","target":{"@type":"EntryPoint","urlTemplate":"https:\/\/www.lemtec.it\/de\/?s={search_term_string}"},"query-input":{"@type":"PropertyValueSpecification","valueRequired":true,"valueName":"search_term_string"}}],"inLanguage":"de"},{"@type":"Organization","@id":"https:\/\/www.lemtec.it\/de\/#organization","name":"LEM TEC SRL","url":"https:\/\/www.lemtec.it\/de\/","logo":{"@type":"ImageObject","inLanguage":"de","@id":"https:\/\/www.lemtec.it\/de\/#\/schema\/logo\/image\/","url":"https:\/\/www.lemtec.it\/wp-content\/uploads\/2020\/07\/logo.png","contentUrl":"https:\/\/www.lemtec.it\/wp-content\/uploads\/2020\/07\/logo.png","width":170,"height":64,"caption":"LEM TEC SRL"},"image":{"@id":"https:\/\/www.lemtec.it\/de\/#\/schema\/logo\/image\/"}}]}},"_links":{"self":[{"href":"https:\/\/www.lemtec.it\/de\/wp-json\/wp\/v2\/pages\/8874","targetHints":{"allow":["GET"]}}],"collection":[{"href":"https:\/\/www.lemtec.it\/de\/wp-json\/wp\/v2\/pages"}],"about":[{"href":"https:\/\/www.lemtec.it\/de\/wp-json\/wp\/v2\/types\/page"}],"author":[{"embeddable":true,"href":"https:\/\/www.lemtec.it\/de\/wp-json\/wp\/v2\/users\/1"}],"replies":[{"embeddable":true,"href":"https:\/\/www.lemtec.it\/de\/wp-json\/wp\/v2\/comments?post=8874"}],"version-history":[{"count":1,"href":"https:\/\/www.lemtec.it\/de\/wp-json\/wp\/v2\/pages\/8874\/revisions"}],"predecessor-version":[{"id":8875,"href":"https:\/\/www.lemtec.it\/de\/wp-json\/wp\/v2\/pages\/8874\/revisions\/8875"}],"wp:featuredmedia":[{"embeddable":true,"href":"https:\/\/www.lemtec.it\/de\/wp-json\/wp\/v2\/media\/8853"}],"wp:attachment":[{"href":"https:\/\/www.lemtec.it\/de\/wp-json\/wp\/v2\/media?parent=8874"}],"curies":[{"name":"wp","href":"https:\/\/api.w.org\/{rel}","templated":true}]}}